{"id":11665,"date":"2025-01-12T22:48:30","date_gmt":"2025-01-12T21:48:30","guid":{"rendered":"https:\/\/www.trips-group.com\/?page_id=11665"},"modified":"2026-01-16T10:22:55","modified_gmt":"2026-01-16T09:22:55","slug":"allgemeine-geschaeftsbedingungen","status":"publish","type":"page","link":"https:\/\/www.trips-group.com\/de\/allgemeine-geschaeftsbedingungen\/","title":{"rendered":"Allgemeine Gesch\u00e4ftsbedingungen"},"content":{"rendered":"\t\t<div data-elementor-type=\"wp-page\" data-elementor-id=\"11665\" class=\"elementor elementor-11665\" data-elementor-post-type=\"page\">\n\t\t\t\t<div class=\"elementor-element elementor-element-4661dd3 e-flex e-con-boxed e-con e-parent\" data-id=\"4661dd3\" data-element_type=\"container\" data-e-type=\"container\">\n\t\t\t\t\t<div class=\"e-con-inner\">\n\t\t\t\t<div class=\"elementor-element elementor-element-433be41 elementor-widget elementor-widget-text-editor\" data-id=\"433be41\" data-element_type=\"widget\" data-e-type=\"widget\" data-widget_type=\"text-editor.default\">\n\t\t\t\t<div class=\"elementor-widget-container\">\n\t\t\t\t\t\t\t\t\t<h3><strong>Gesch\u00e4fts-, Verkaufs- und Lieferbedingungen:<\/strong><\/h3><p class=\"p1\">Anbei finden Sie unsere aktuellen allgemeinen Gesch\u00e4ftsbedingungen sowie unsere Datenschutzhinweise. \u00c4nderungen bleiben vorbehalten.<\/p><p><b>TRIPS GmbH<\/b><\/p><ul><li><a href=\"https:\/\/www.trips-group.com\/wp-content\/uploads\/2025\/08\/QMA7401-Allgemeine-Einkaufsbedingungen-der-Trips-GmbH-Stand-2025_08.pdf\">Allgemeine Einkaufsbedingungen (Stand: August 2025)<\/a><\/li><li class=\"p1\"><a href=\"https:\/\/www.trips-group.com\/wp-content\/uploads\/2025\/01\/2403_Allgemeine-Verkaufsbedingungen-der-TRIPS-GmbH.pdf\">Allgemeine Verkaufsbedingugen<\/a><\/li><li class=\"p1\"><a href=\"https:\/\/www.trips-group.com\/wp-content\/uploads\/2025\/01\/Allgemeine-Einkaufsbedingungen-fuer-Werkleistungen-der-TRIPS-GmbH-1.pdf\">Allgemeine Einkaufsbedingungen f\u00fcr Werksleistungen<\/a><\/li><li><a href=\"https:\/\/www.trips-group.com\/wp-content\/uploads\/2025\/01\/220614_QMA7405_Business-Conduct-Guidelines_TRIPS-Group.pdf\">Business Conduct Guidelines<\/a><\/li><li><a href=\"https:\/\/www.trips-group.com\/wp-content\/uploads\/2026\/01\/Code-of-Conduct-fuer-Trips-Lieferanten.pdf\" target=\"_blank\" rel=\"noopener\">Code of Conduct f\u00fcr TRIPS-Lieferanten<\/a><\/li><\/ul><div><p><strong>Datenschutzhinweise f\u00fcr Gesch\u00e4ftspartner:<\/strong><\/p><ul><li><a href=\"https:\/\/www.trips-group.com\/wp-content\/uploads\/2025\/01\/TRIPS-gmbh-Datenschutzhinweise-fuer-Geschaeftspartner_DE.pdf\">TRIPS GmbH \u2013 Datenschutzhinweise f\u00fcr Gesch\u00e4ftspartner<\/a><\/li><\/ul><div><p><strong>Datenschutzerkl\u00e4rung zum Hinweisgebersystem der TRIPS GmbH:<\/strong><\/p><ul><li><a href=\"https:\/\/www.trips-group.com\/wp-content\/uploads\/2025\/01\/Datenschutzerklaerung-zum-Hinweisgebersystem-der-TRIPS-GmbH.pdf\">Datenschutzerkl\u00e4rung zum Hinweisgebersystem der TRIPS GmbH<\/a><\/li><li><a href=\"https:\/\/www.trips-group.com\/wp-content\/uploads\/2025\/01\/Hinweisgeber-FAQ.pdf\">Hinweisgeber FAQ<\/a><\/li><\/ul><h4 class=\"wp-block-heading\">TRIPS automatyka polska sp. z o.o. sp. k.<\/h4><ul><li><a href=\"https:\/\/www.trips-group.com\/wp-content\/uploads\/2025\/01\/QMA7406-P-Kodeks-postepowania-dla-dostawcow.pdf\">Code of Conduct (Polish)<\/a><\/li><\/ul><p><strong>Datenschutzhinweise f\u00fcr Gesch\u00e4ftspartner:<\/strong><\/p><ul><li><a href=\"https:\/\/www.trips-group.com\/wp-content\/uploads\/2025\/01\/TRIPS-automatyka-polska-sp.-z-o.o.-sp.-k.-Datenschutzhinweise-fuer-Geschaeftspartner_DE-2.pdf\" target=\"_blank\" rel=\"noreferrer noopener\">TRIPS automatyka polska sp. z o.o. sp. k. \u2013 Datenschutzhinweise f\u00fcr Gesch\u00e4ftspartner<\/a><\/li><\/ul><\/div><\/div>\t\t\t\t\t\t\t\t<\/div>\n\t\t\t\t<\/div>\n\t\t\t\t\t<\/div>\n\t\t\t\t<\/div>\n\t\t\t\t<\/div>\n\t\t","protected":false},"excerpt":{"rendered":"<p>Gesch\u00e4fts-, Verkaufs- und Lieferbedingungen: Anbei finden Sie unsere aktuellen allgemeinen Gesch\u00e4ftsbedingungen sowie unsere Datenschutzhinweise. \u00c4nderungen bleiben vorbehalten. TRIPS GmbH Allgemeine Einkaufsbedingungen (Stand: August 2025) Allgemeine Verkaufsbedingugen Allgemeine Einkaufsbedingungen f\u00fcr Werksleistungen Business Conduct Guidelines Code of Conduct f\u00fcr TRIPS-Lieferanten Datenschutzhinweise f\u00fcr Gesch\u00e4ftspartner:&#8230;<\/p>\n","protected":false},"author":1,"featured_media":0,"parent":0,"menu_order":0,"comment_status":"closed","ping_status":"closed","template":"","meta":{"footnotes":""},"class_list":["post-11665","page","type-page","status-publish","hentry"],"aioseo_notices":[],"_links":{"self":[{"href":"https:\/\/www.trips-group.com\/de\/wp-json\/wp\/v2\/pages\/11665","targetHints":{"allow":["GET"]}}],"collection":[{"href":"https:\/\/www.trips-group.com\/de\/wp-json\/wp\/v2\/pages"}],"about":[{"href":"https:\/\/www.trips-group.com\/de\/wp-json\/wp\/v2\/types\/page"}],"author":[{"embeddable":true,"href":"https:\/\/www.trips-group.com\/de\/wp-json\/wp\/v2\/users\/1"}],"replies":[{"embeddable":true,"href":"https:\/\/www.trips-group.com\/de\/wp-json\/wp\/v2\/comments?post=11665"}],"version-history":[{"count":14,"href":"https:\/\/www.trips-group.com\/de\/wp-json\/wp\/v2\/pages\/11665\/revisions"}],"predecessor-version":[{"id":20410,"href":"https:\/\/www.trips-group.com\/de\/wp-json\/wp\/v2\/pages\/11665\/revisions\/20410"}],"wp:attachment":[{"href":"https:\/\/www.trips-group.com\/de\/wp-json\/wp\/v2\/media?parent=11665"}],"curies":[{"name":"wp","href":"https:\/\/api.w.org\/{rel}","templated":true}]}}