{"id":19533,"date":"2025-11-26T14:40:54","date_gmt":"2025-11-26T13:40:54","guid":{"rendered":"https:\/\/www.trips-group.com\/?page_id=19533"},"modified":"2025-12-09T10:48:05","modified_gmt":"2025-12-09T09:48:05","slug":"newsletter","status":"publish","type":"page","link":"https:\/\/www.trips-group.com\/de\/newsletter\/","title":{"rendered":"Newsletter"},"content":{"rendered":"\n<p><strong>Sie m\u00f6chten mehr \u00fcber unser Unternehmen, unsere Services und unsere Produkte erfahren? Dann sind Sie bei unserem Newsletter genau richtig.<\/strong><\/p>\n\n\n<div class=\"wp-block-title\">\n<h3 class=\"wp-block-heading\">Newsletter-Archiv<\/h3><div class=\"wp-block-title-pattern\"><\/div>\n<\/div>\n\n\n<p><a href=\"https:\/\/www.trips-group.com\/wp-content\/uploads\/2025\/12\/Die-Energiewende-im-Blick-\u2013-TRIPS-macht-Projekte-smart-sicher-1.pdf\" title=\"\">\/ Dezember 2025<\/a><\/p>\n\n\n\n<p><a href=\"https:\/\/www.trips-group.com\/wp-content\/uploads\/2025\/11\/Newsletter_03_2025_TRIPS.pdf\" target=\"_blank\" rel=\"noopener\" title=\"\">\/ M\u00e4rz 2025<\/a><\/p>\n\n\n\n<p><a href=\"https:\/\/www.trips-group.com\/wp-content\/uploads\/2025\/11\/Newsletter_Weihnachten_2024_TRIPS.pdf\" target=\"_blank\" rel=\"noopener\" title=\"\">\/ Dezember 2024<\/a><\/p>\n\n\n\n<p><a href=\"https:\/\/www.trips-group.com\/wp-content\/uploads\/2025\/11\/TRIPS_Newsletter_11_2024.pdf\" target=\"_blank\" rel=\"noopener\" title=\"\">\/ November 2024<\/a><\/p>\n\n\n\n<hr class=\"wp-block-separator has-alpha-channel-opacity\"\/>\n\n\n\n<p><\/p>\n\n\n<div class=\"wp-block-title\">\n<h3 class=\"wp-block-heading\">Anmeldung zum Newsletter<\/h3><div class=\"wp-block-title-pattern\"><\/div>\n<\/div>\n\n<style id=\"wpforms-css-vars-5460-block-cc576e12-d09e-4518-8b50-373f866c5a5d\">\n\t\t\t\t#wpforms-5460.wpforms-block-cc576e12-d09e-4518-8b50-373f866c5a5d {\n\t\t\t\t--wpforms-field-size-input-height: 43px;\n--wpforms-field-size-input-spacing: 15px;\n--wpforms-field-size-font-size: 16px;\n--wpforms-field-size-line-height: 19px;\n--wpforms-field-size-padding-h: 14px;\n--wpforms-field-size-checkbox-size: 16px;\n--wpforms-field-size-sublabel-spacing: 5px;\n--wpforms-field-size-icon-size: 1;\n--wpforms-label-size-font-size: 16px;\n--wpforms-label-size-line-height: 19px;\n--wpforms-label-size-sublabel-font-size: 14px;\n--wpforms-label-size-sublabel-line-height: 17px;\n--wpforms-button-size-font-size: 17px;\n--wpforms-button-size-height: 41px;\n--wpforms-button-size-padding-h: 15px;\n--wpforms-button-size-margin-top: 10px;\n--wpforms-container-shadow-size-box-shadow: none;\n\t\t\t}\n\t\t\t<\/style><div class=\"wpforms-container wpforms-container-full wpforms-block wpforms-block-cc576e12-d09e-4518-8b50-373f866c5a5d wpforms-render-modern\" id=\"wpforms-5460\"><form id=\"wpforms-form-5460\" class=\"wpforms-validate wpforms-form wpforms-ajax-form\" data-formid=\"5460\" method=\"post\" enctype=\"multipart\/form-data\" action=\"\/de\/wp-json\/wp\/v2\/pages\/19533\" data-token=\"6b91d861a59d007afb36514f8991f101\" data-token-time=\"1777573007\"><noscript class=\"wpforms-error-noscript\">Bitte aktiviere JavaScript in deinem Browser, um dieses Formular fertigzustellen.<\/noscript><div id=\"wpforms-error-noscript\" style=\"display: none;\">Bitte aktiviere JavaScript in deinem Browser, um dieses Formular fertigzustellen.<\/div><div class=\"wpforms-field-container\"><div id=\"wpforms-5460-field_1-container\" class=\"wpforms-field wpforms-field-text wpforms-one-half wpforms-first\" data-field-id=\"1\"><div class=\"wpforms-field-wrapper energium-form-field\"><div class=\"energium-label-wrapper\"><div class=\"energium-form-field-border-angle\"><\/div><label class=\"wpforms-field-label\" for=\"wpforms-5460-field_1\">Name <span class=\"wpforms-required-label\" aria-hidden=\"true\">*<\/span><\/label><div class=\"energium-form-field-border-top\"><\/div><\/div><input type=\"text\" id=\"wpforms-5460-field_1\" class=\"wpforms-field-large wpforms-field-required\" name=\"wpforms[fields][1]\" aria-errormessage=\"wpforms-5460-field_1-error\" required><div class=\"energium-form-field-border-bottom\"><\/div><\/div><\/div><div id=\"wpforms-5460-field_7-container\" class=\"wpforms-field wpforms-field-name\" data-field-id=\"7\"><div class=\"wpforms-field-wrapper energium-form-field\"><div class=\"energium-label-wrapper\"><div class=\"energium-form-field-border-angle\"><\/div><label class=\"wpforms-field-label\" for=\"wpforms-5460-field_7\">Unternehmen <span class=\"wpforms-required-label\" aria-hidden=\"true\">*<\/span><\/label><div class=\"energium-form-field-border-top\"><\/div><\/div><input type=\"text\" id=\"wpforms-5460-field_7\" class=\"wpforms-field-medium wpforms-field-required\" name=\"wpforms[fields][7]\" aria-errormessage=\"wpforms-5460-field_7-error\" required><div class=\"energium-form-field-border-bottom\"><\/div><\/div><\/div><div id=\"wpforms-5460-field_2-container\" class=\"wpforms-field wpforms-field-email wpforms-one-half\" data-field-id=\"2\"><div class=\"wpforms-field-wrapper energium-form-field\"><div class=\"energium-label-wrapper\"><div class=\"energium-form-field-border-angle\"><\/div><label class=\"wpforms-field-label\" for=\"wpforms-5460-field_2\">EMail <span class=\"wpforms-required-label\" aria-hidden=\"true\">*<\/span><\/label><div class=\"energium-form-field-border-top\"><\/div><\/div><input type=\"email\" id=\"wpforms-5460-field_2\" class=\"wpforms-field-large wpforms-field-required\" name=\"wpforms[fields][2]\" spellcheck=\"false\" aria-errormessage=\"wpforms-5460-field_2-error\" required><div class=\"energium-form-field-border-bottom\"><\/div><\/div><\/div><div id=\"wpforms-5460-field_5-container\" class=\"wpforms-field wpforms-field-text\" data-field-id=\"5\"><div class=\"wpforms-field-wrapper energium-form-field\"><div class=\"energium-label-wrapper\"><div class=\"energium-form-field-border-angle\"><\/div><label class=\"wpforms-field-label\" for=\"wpforms-5460-field_5\">Betreff<\/label><div class=\"energium-form-field-border-top\"><\/div><\/div><input type=\"text\" id=\"wpforms-5460-field_5\" class=\"wpforms-field-large\" name=\"wpforms[fields][5]\" aria-errormessage=\"wpforms-5460-field_5-error\" ><div class=\"energium-form-field-border-bottom\"><\/div><\/div><\/div><div id=\"wpforms-5460-field_3-container\" class=\"wpforms-field wpforms-field-textarea\" data-field-id=\"3\"><div class=\"wpforms-field-wrapper energium-form-field\"><div class=\"energium-label-wrapper\"><div class=\"energium-form-field-border-angle\"><\/div><label class=\"wpforms-field-label\" for=\"wpforms-5460-field_3\">Nachricht <span class=\"wpforms-required-label\" aria-hidden=\"true\">*<\/span><\/label><div class=\"energium-form-field-border-top\"><\/div><\/div><textarea id=\"wpforms-5460-field_3\" class=\"wpforms-field-medium wpforms-field-required\" name=\"wpforms[fields][3]\" aria-errormessage=\"wpforms-5460-field_3-error\" required><\/textarea><div class=\"energium-form-field-border-bottom\"><\/div><\/div><\/div><div id=\"wpforms-5460-field_6-container\" class=\"wpforms-field wpforms-field-checkbox\" data-field-id=\"6\"><fieldset><legend class=\"wpforms-field-label\">Datenschutzeinstellungen <span class=\"wpforms-required-label\" aria-hidden=\"true\">*<\/span><\/legend><ul id=\"wpforms-5460-field_6\" class=\"wpforms-field-required\"><li class=\"choice-1 depth-1\"><input type=\"checkbox\" id=\"wpforms-5460-field_6_1\" name=\"wpforms[fields][6][]\" value=\"Ja, ich akzeptiere die &lt;a href=&quot;\/datenschutz&quot; target=&quot;https:\/\/www.trips-group.com\/de\/datenschutz\/&quot;&gt;Datenschutzerkl\u00e4rung&lt;\/a&gt;.\" aria-errormessage=\"wpforms-5460-field_6_1-error\" aria-describedby=\"wpforms-5460-field_6-description\" required ><label class=\"wpforms-field-label-inline\" for=\"wpforms-5460-field_6_1\">Ja, ich akzeptiere die <a href=\"\/datenschutz\" target=\"https:\/\/www.trips-group.com\/de\/datenschutz\/\">Datenschutzerkl\u00e4rung<\/a>.<\/label><\/li><\/ul><div id=\"wpforms-5460-field_6-description\" class=\"wpforms-field-description\"><br \/>Datenschutzerkl\u00e4rung <br \/> <br \/>\nWir nehmen Datenschutz sehr ernst und versichern Ihnen, Ihr Anliegen streng vertraulich zu behandeln und Ihre Daten nicht an Dritte weiterzugeben. Unsere vollst\u00e4ndigen Datenschutzrichtlinien k\u00f6nnen Sie hier einsehen.<\/div><\/fieldset><\/div><\/div><!-- .wpforms-field-container --><div class=\"wpforms-submit-container\" ><input type=\"hidden\" name=\"wpforms[id]\" value=\"5460\"><input type=\"hidden\" name=\"page_title\" value=\"\"><input type=\"hidden\" name=\"page_url\" value=\"https:\/\/www.trips-group.com\/de\/wp-json\/wp\/v2\/pages\/19533\"><input type=\"hidden\" name=\"url_referer\" value=\"\"><button type=\"submit\" name=\"wpforms[submit]\" id=\"wpforms-submit-5460\" class=\"wpforms-submit\" data-alt-text=\"Sending...\" data-submit-text=\"Anfrage senden\" aria-live=\"assertive\" value=\"wpforms-submit\">Anfrage senden<\/button><img decoding=\"async\" src=\"https:\/\/www.trips-group.com\/wp-content\/plugins\/wpforms\/assets\/images\/submit-spin.svg\" class=\"wpforms-submit-spinner\" style=\"display: none;\" width=\"26\" height=\"26\" alt=\"Wird geladen\"><\/div><\/form><\/div>  <!-- .wpforms-container -->\n\n\n<hr class=\"wp-block-separator has-alpha-channel-opacity\"\/>\n\n\n\n<p><\/p>\n\n\n<div class=\"wp-block-title\">\n<h3 class=\"wp-block-heading\">Newsletter FAQ<\/h3><div class=\"wp-block-title-pattern\"><\/div>\n<\/div>\n\n\n<p><strong>Welche Themen beinhaltet der Newsletter?<\/strong><\/p>\n\n\n\n<p>Mit unserem Newsletter informieren wir Sie ebenso \u00fcber neueste Dienstleistungen, die wir Ihnen anbieten, wie \u00fcber Veranstaltungen, an denen wir teilgenommen haben oder solche, die wir durchf\u00fchren (z.B. Webinare). Dar\u00fcber hinaus  gehen wir auf zahlreiche weitere uns betreffende Punkte ein<\/p>\n\n\n\n<p><strong>Wie h\u00e4ufig wird der Newsletter ver\u00f6ffentlicht?<\/strong><\/p>\n\n\n\n<p>Der Newsletter wird in der Regel einmal pro Monat publiziert. Sonder-Newsletter k\u00f6nnen zu speziellen Punkten in unregelm\u00e4\u00dfigen Abst\u00e4nden informieren.<\/p>\n\n\n\n<p><strong>Ist unser Newsletter kostenlos?<\/strong><\/p>\n\n\n\n<p>Ja, unser Newsletter ist selbstverst\u00e4ndlich kostenlos?<\/p>\n\n\n\n<p><strong>Was geschieht mit Ihren Daten?<\/strong><\/p>\n\n\n\n<p>Ihre Daten sind bei uns in den besten H\u00e4nden und werden ausschlie\u00dflich f\u00fcr diesen Newsletter genutzt. Hier geht es zu unserer <a href=\"\/de\/datenschutz\/\" title=\"\">Datenschutzerkl\u00e4rung<\/a>.<\/p>\n\n\n\n<p><\/p>\n","protected":false},"excerpt":{"rendered":"<p>Sie m\u00f6chten mehr \u00fcber unser Unternehmen, unsere Services und unsere Produkte erfahren? Dann sind Sie bei unserem Newsletter genau richtig. Newsletter-Archiv \/ Dezember 2025 \/ M\u00e4rz 2025 \/ Dezember 2024 \/ November 2024 Anmeldung zum Newsletter Newsletter FAQ Welche Themen beinhaltet&#8230;<\/p>\n","protected":false},"author":4,"featured_media":0,"parent":0,"menu_order":0,"comment_status":"closed","ping_status":"closed","template":"","meta":{"footnotes":""},"class_list":["post-19533","page","type-page","status-publish","hentry"],"aioseo_notices":[],"_links":{"self":[{"href":"https:\/\/www.trips-group.com\/de\/wp-json\/wp\/v2\/pages\/19533","targetHints":{"allow":["GET"]}}],"collection":[{"href":"https:\/\/www.trips-group.com\/de\/wp-json\/wp\/v2\/pages"}],"about":[{"href":"https:\/\/www.trips-group.com\/de\/wp-json\/wp\/v2\/types\/page"}],"author":[{"embeddable":true,"href":"https:\/\/www.trips-group.com\/de\/wp-json\/wp\/v2\/users\/4"}],"replies":[{"embeddable":true,"href":"https:\/\/www.trips-group.com\/de\/wp-json\/wp\/v2\/comments?post=19533"}],"version-history":[{"count":13,"href":"https:\/\/www.trips-group.com\/de\/wp-json\/wp\/v2\/pages\/19533\/revisions"}],"predecessor-version":[{"id":19854,"href":"https:\/\/www.trips-group.com\/de\/wp-json\/wp\/v2\/pages\/19533\/revisions\/19854"}],"wp:attachment":[{"href":"https:\/\/www.trips-group.com\/de\/wp-json\/wp\/v2\/media?parent=19533"}],"curies":[{"name":"wp","href":"https:\/\/api.w.org\/{rel}","templated":true}]}}