{"id":33,"date":"2024-11-08T14:29:00","date_gmt":"2024-11-08T13:29:00","guid":{"rendered":"https:\/\/demo.artureanec.com\/themes\/energium\/?page_id=33"},"modified":"2026-01-23T09:34:47","modified_gmt":"2026-01-23T08:34:47","slug":"zertifikate-und-dokumente","status":"publish","type":"page","link":"https:\/\/www.trips-group.com\/de\/zertifikate-und-dokumente\/","title":{"rendered":"Zertifikate und Dokumente"},"content":{"rendered":"\t\t<div data-elementor-type=\"wp-page\" data-elementor-id=\"33\" class=\"elementor elementor-33\" data-elementor-post-type=\"page\">\n\t\t\t\t<div class=\"elementor-element elementor-element-21be819 e-flex e-con-boxed e-con e-parent\" data-id=\"21be819\" data-element_type=\"container\" data-e-type=\"container\">\n\t\t\t\t\t<div class=\"e-con-inner\">\n\t\t\t\t<div class=\"elementor-element elementor-element-9141010 elementor-widget elementor-widget-text-editor\" data-id=\"9141010\" data-element_type=\"widget\" data-e-type=\"widget\" data-widget_type=\"text-editor.default\">\n\t\t\t\t<div class=\"elementor-widget-container\">\n\t\t\t\t\t\t\t\t\t<p>Auf dieser Seite finden Sie <strong>wichtige Zertifikate und Dokumente,<\/strong> denn Qualit\u00e4t ist f\u00fcr die <strong>TRIPS group<\/strong> ein zentraler Bestandteil unseres Handelns. Sie entsteht durch einen kontinuierlichen Prozess, bei dem wir unsere Produkte und Dienstleistungen regelm\u00e4\u00dfig auf den Pr\u00fcfstand stellen. Dabei stehen Kundennutzen, Innovationskraft, technologische St\u00e4rke und Marktf\u00e4higkeit stets im Fokus.<\/p><p>Unsere hohen Qualit\u00e4tsstandards sichern wir durch klar definierte, standardisierte Verfahren und Richtlinien. Um dies zu gew\u00e4hrleisten, haben wir uns verschiedenen Zertifizierungen unterzogen, die unsere Kompetenz und Verl\u00e4sslichkeit in allen Bereichen best\u00e4tigen.<\/p><p>Hier finden Sie nicht nur unsere aktuellen Zertifikate und Dokumente, sondern auch hilfreiche Downloads rund um unser Unternehmen. Diese umfassen Informationen zu unseren Produkten und Services, Unternehmenspr\u00e4sentationen, Brosch\u00fcren und weitere Materialien, die Ihnen einen umfassenden Einblick in unsere Arbeit bieten.<\/p>\t\t\t\t\t\t\t\t<\/div>\n\t\t\t\t<\/div>\n\t\t\t\t\t<\/div>\n\t\t\t\t<\/div>\n\t\t\t\t<section class=\"elementor-section elementor-top-section elementor-element elementor-element-0309119 elementor-section-boxed elementor-section-height-default elementor-section-height-default\" data-id=\"0309119\" data-element_type=\"section\" data-e-type=\"section\">\n\t\t\t\t\t\t<div class=\"elementor-container elementor-column-gap-default\">\n\t\t\t\t\t<div class=\"elementor-column elementor-col-100 elementor-top-column elementor-element elementor-element-63b70a3\" data-id=\"63b70a3\" data-element_type=\"column\" data-e-type=\"column\">\n\t\t\t<div class=\"elementor-widget-wrap elementor-element-populated\">\n\t\t\t\t\t\t<div class=\"elementor-element elementor-element-dcf6af7 elementor-widget elementor-widget-energium_heading\" data-id=\"dcf6af7\" data-element_type=\"widget\" data-e-type=\"widget\" data-widget_type=\"energium_heading.default\">\n\t\t\t\t<div class=\"elementor-widget-container\">\n\t\t\t\t\t<div class=\"energium-heading-widget\"><h2 class=\"energium-heading\"><span class=\"energium-heading-icon\"><i class=\"far fa-window-minimize\"><\/i><\/span><span class=\"energium-heading-content\">Zertifikate und Dokumente<\/span><\/h2><\/div>\t\t\t\t<\/div>\n\t\t\t\t<\/div>\n\t\t\t\t<div class=\"elementor-element elementor-element-59089a7 elementor-widget elementor-widget-text-editor\" data-id=\"59089a7\" data-element_type=\"widget\" data-e-type=\"widget\" data-widget_type=\"text-editor.default\">\n\t\t\t\t<div class=\"elementor-widget-container\">\n\t\t\t\t\t\t\t\t\t<h3><strong>\u00a0<\/strong><\/h3><h3><strong>SIEMENS Solution Partner Automation<\/strong><\/h3><p>Als zertifizierter Siemens Solution Partner Automation realisieren wir f\u00fcr Sie ma\u00dfgeschneiderte L\u00f6sungen von h\u00f6chster Qualit\u00e4t. Sie profitieren dabei von den innovativen Produkten\/Systemen von Siemens und unserem exzellentem L\u00f6sungs- und Branchen-Know-how.<\/p><p>Unsere Kompetenz haben wir auf den folgenden Gebieten nachgewiesen:<\/p><h3 class=\"wp-block-heading\">Portfolio Modul<\/h3><p><a href=\"https:\/\/www.trips-group.com\/wp-content\/uploads\/2026\/01\/Solution-Partner-Factory-Automation-bis-2026.pdf\" target=\"_blank\" rel=\"noreferrer noopener\">Factory Automation<\/a><br \/><a href=\"https:\/\/www.trips-group.com\/wp-content\/uploads\/2026\/01\/Solution-Partner-PCS7-bis-2026.pdf\" target=\"_blank\" rel=\"noopener\">Process Control System PCS 7<\/a><\/p><h3 class=\"wp-block-heading\">Expert Modul<\/h3><p><a href=\"https:\/\/www.trips-group.com\/wp-content\/uploads\/2026\/01\/Solution-Partner-Industrial-Energy-Management-bis-2026.pdf\" target=\"_blank\" rel=\"noopener\">Industrial Energy Management<\/a><br \/><a href=\"https:\/\/www.trips-group.com\/wp-content\/uploads\/2026\/01\/Solution-Partner-BRAUMAT-SISTAR-bis-2026.pdf\" target=\"_blank\" rel=\"noopener\">BRAUMAT&amp;SISTAR<\/a><br \/><a href=\"https:\/\/www.trips-group.com\/wp-content\/uploads\/2026\/01\/Solution-Partner-Chemical-bis-2026.pdf\" target=\"_blank\" rel=\"noopener\">Chemical<\/a><br \/><a href=\"https:\/\/www.trips-group.com\/wp-content\/uploads\/2026\/01\/Solution-Partner-FoodBeverage-bis-2026.pdf\" target=\"_blank\" rel=\"noopener\">Food &amp; Beverage<\/a><br \/><a href=\"https:\/\/www.trips-group.com\/wp-content\/uploads\/2026\/01\/Solution-Partner-PCS-7-Applications-bis-2026.pdf\" target=\"_blank\" rel=\"noopener\">PCS 7 Applications<\/a><br \/><a href=\"https:\/\/www.trips-group.com\/wp-content\/uploads\/2026\/01\/Solution-Partner-PCS-neo-Applications-bis-2026.pdf\" target=\"_blank\" rel=\"noopener\">PCS neo Applications<\/a><br \/><a href=\"https:\/\/www.trips-group.com\/wp-content\/uploads\/2026\/01\/Solution-Partner-SCADA-bis-2026.pdf\" target=\"_blank\" rel=\"noopener\">SCADA<\/a><\/p><p><a href=\"https:\/\/www.trips-group.com\/wp-content\/uploads\/2026\/01\/SIVACON_Zertifikat_Technology_Partner_TRIPS.pdf\">SIVACON S8<\/a><\/p>\t\t\t\t\t\t\t\t<\/div>\n\t\t\t\t<\/div>\n\t\t\t\t<section class=\"elementor-section elementor-inner-section elementor-element elementor-element-6293efb elementor-section-boxed elementor-section-height-default elementor-section-height-default\" data-id=\"6293efb\" data-element_type=\"section\" data-e-type=\"section\">\n\t\t\t\t\t\t<div class=\"elementor-container elementor-column-gap-extended\">\n\t\t\t\t\t<div class=\"elementor-column elementor-col-25 elementor-inner-column elementor-element elementor-element-6b2749a\" data-id=\"6b2749a\" data-element_type=\"column\" data-e-type=\"column\">\n\t\t\t<div class=\"elementor-widget-wrap elementor-element-populated\">\n\t\t\t\t\t\t<div class=\"elementor-element elementor-element-760ac4f elementor-position-top elementor-widget elementor-widget-image-box\" data-id=\"760ac4f\" data-element_type=\"widget\" data-e-type=\"widget\" data-widget_type=\"image-box.default\">\n\t\t\t\t<div class=\"elementor-widget-container\">\n\t\t\t\t\t<div class=\"elementor-image-box-wrapper\"><figure class=\"elementor-image-box-img\"><a href=\"https:\/\/www.trips-group.com\/wp-content\/uploads\/2025\/07\/ISO-9001-TRIPS-GmbH-gesamt_deutsch.pdf\" target=\"_blank\" tabindex=\"-1\"><img fetchpriority=\"high\" decoding=\"async\" width=\"300\" height=\"300\" src=\"https:\/\/www.trips-group.com\/wp-content\/uploads\/2024\/11\/ISO_9001_zertifikat.jpg\" class=\"attachment-full size-full wp-image-6904\" alt=\"T\u00dcV S\u00dcD Zertifikat ISO 9001 Zertifiziertes Qualit\u00e4tsmanagementsystem | TRIPS group\" srcset=\"https:\/\/www.trips-group.com\/wp-content\/uploads\/2024\/11\/ISO_9001_zertifikat.jpg 300w, https:\/\/www.trips-group.com\/wp-content\/uploads\/2024\/11\/ISO_9001_zertifikat-150x150.jpg 150w\" sizes=\"(max-width: 300px) 100vw, 300px\" \/><\/a><\/figure><div class=\"elementor-image-box-content\"><h5 class=\"elementor-image-box-title\"><a href=\"https:\/\/www.trips-group.com\/wp-content\/uploads\/2025\/07\/ISO-9001-TRIPS-GmbH-gesamt_deutsch.pdf\" target=\"_blank\">ISO 9001<\/a><\/h5><p class=\"elementor-image-box-description\">Qualit\u00e4tsmanagementsystem zertifiziert durch die T\u00dcV S\u00dcD Management Service GmbH<\/p><\/div><\/div>\t\t\t\t<\/div>\n\t\t\t\t<\/div>\n\t\t\t\t\t<\/div>\n\t\t<\/div>\n\t\t\t\t<div class=\"elementor-column elementor-col-25 elementor-inner-column elementor-element elementor-element-b6b49e5\" data-id=\"b6b49e5\" data-element_type=\"column\" data-e-type=\"column\">\n\t\t\t<div class=\"elementor-widget-wrap elementor-element-populated\">\n\t\t\t\t\t\t<div class=\"elementor-element elementor-element-7f0b525 elementor-position-top elementor-widget elementor-widget-image-box\" data-id=\"7f0b525\" data-element_type=\"widget\" data-e-type=\"widget\" data-widget_type=\"image-box.default\">\n\t\t\t\t<div class=\"elementor-widget-container\">\n\t\t\t\t\t<div class=\"elementor-image-box-wrapper\"><figure class=\"elementor-image-box-img\"><a href=\"https:\/\/www.trips-group.com\/wp-content\/uploads\/2025\/07\/ISO-14001-TRIPS-GmbH-gesamt_deutsch.pdf\" target=\"_blank\" tabindex=\"-1\"><img decoding=\"async\" width=\"300\" height=\"300\" src=\"https:\/\/www.trips-group.com\/wp-content\/uploads\/2024\/11\/ISO_14001_zertifikat.jpg\" class=\"attachment-full size-full wp-image-6905\" alt=\"T\u00dcV S\u00fcd ISO 14001 | Zertifiziertes Umweltmanagementsystem | TRIPS group\" srcset=\"https:\/\/www.trips-group.com\/wp-content\/uploads\/2024\/11\/ISO_14001_zertifikat.jpg 300w, https:\/\/www.trips-group.com\/wp-content\/uploads\/2024\/11\/ISO_14001_zertifikat-150x150.jpg 150w\" sizes=\"(max-width: 300px) 100vw, 300px\" \/><\/a><\/figure><div class=\"elementor-image-box-content\"><h5 class=\"elementor-image-box-title\"><a href=\"https:\/\/www.trips-group.com\/wp-content\/uploads\/2025\/07\/ISO-14001-TRIPS-GmbH-gesamt_deutsch.pdf\" target=\"_blank\">ISO 14001<\/a><\/h5><p class=\"elementor-image-box-description\">Umweltmanagementsystem zertifiziert durch die T\u00dcV S\u00dcD Management Service GmbH\n<\/p><\/div><\/div>\t\t\t\t<\/div>\n\t\t\t\t<\/div>\n\t\t\t\t\t<\/div>\n\t\t<\/div>\n\t\t\t\t<div class=\"elementor-column elementor-col-25 elementor-inner-column elementor-element elementor-element-2c89a03\" data-id=\"2c89a03\" data-element_type=\"column\" data-e-type=\"column\">\n\t\t\t<div class=\"elementor-widget-wrap elementor-element-populated\">\n\t\t\t\t\t\t<div class=\"elementor-element elementor-element-64fc956 elementor-position-top elementor-widget elementor-widget-image-box\" data-id=\"64fc956\" data-element_type=\"widget\" data-e-type=\"widget\" data-widget_type=\"image-box.default\">\n\t\t\t\t<div class=\"elementor-widget-container\">\n\t\t\t\t\t<div class=\"elementor-image-box-wrapper\"><figure class=\"elementor-image-box-img\"><a href=\"https:\/\/www.trips-group.com\/wp-content\/uploads\/2025\/07\/ISO-45001-TRIPS-GmbH-gesamt_deutsch.pdf\" target=\"_blank\" tabindex=\"-1\"><img decoding=\"async\" width=\"300\" height=\"300\" src=\"https:\/\/www.trips-group.com\/wp-content\/uploads\/2024\/11\/ISO_45001_zertifikat.jpg\" class=\"attachment-full size-full wp-image-6906\" alt=\"T\u00dcV S\u00fcd ISO 45001 Zertifiziertes Managementsystem f\u00fcr Arbeitssicherheit und Gesundheitsschutz | TRIPS group\" srcset=\"https:\/\/www.trips-group.com\/wp-content\/uploads\/2024\/11\/ISO_45001_zertifikat.jpg 300w, https:\/\/www.trips-group.com\/wp-content\/uploads\/2024\/11\/ISO_45001_zertifikat-150x150.jpg 150w\" sizes=\"(max-width: 300px) 100vw, 300px\" \/><\/a><\/figure><div class=\"elementor-image-box-content\"><h5 class=\"elementor-image-box-title\"><a href=\"https:\/\/www.trips-group.com\/wp-content\/uploads\/2025\/07\/ISO-45001-TRIPS-GmbH-gesamt_deutsch.pdf\" target=\"_blank\">ISO 45001<\/a><\/h5><p class=\"elementor-image-box-description\">Arbeits- und Gesundheitsschutz-managementsystem zertifiziert durch T\u00dcV S\u00fcd Service GmbH\n<\/p><\/div><\/div>\t\t\t\t<\/div>\n\t\t\t\t<\/div>\n\t\t\t\t\t<\/div>\n\t\t<\/div>\n\t\t\t\t<div class=\"elementor-column elementor-col-25 elementor-inner-column elementor-element elementor-element-28750a6\" data-id=\"28750a6\" data-element_type=\"column\" data-e-type=\"column\">\n\t\t\t<div class=\"elementor-widget-wrap elementor-element-populated\">\n\t\t\t\t\t\t<div class=\"elementor-element elementor-element-2c6b38c elementor-position-top elementor-widget elementor-widget-image-box\" data-id=\"2c6b38c\" data-element_type=\"widget\" data-e-type=\"widget\" data-widget_type=\"image-box.default\">\n\t\t\t\t<div class=\"elementor-widget-container\">\n\t\t\t\t\t<div class=\"elementor-image-box-wrapper\"><figure class=\"elementor-image-box-img\"><img loading=\"lazy\" decoding=\"async\" width=\"300\" height=\"300\" src=\"https:\/\/www.trips-group.com\/wp-content\/uploads\/2024\/11\/avpq_zertifikat.jpg\" class=\"attachment-full size-full wp-image-6900\" alt=\"Amtliches Verzeichnis Pr\u00e4qualifizierter Unternehmen | TRIPS group\" srcset=\"https:\/\/www.trips-group.com\/wp-content\/uploads\/2024\/11\/avpq_zertifikat.jpg 300w, https:\/\/www.trips-group.com\/wp-content\/uploads\/2024\/11\/avpq_zertifikat-150x150.jpg 150w\" sizes=\"(max-width: 300px) 100vw, 300px\" \/><\/figure><div class=\"elementor-image-box-content\"><h5 class=\"elementor-image-box-title\">AVPQ<\/h5><p class=\"elementor-image-box-description\">Amtliches Verzeichnis pr\u00e4qualifizierter Unternehmen der IHK f\u00fcr den Dienstleistungsbereich<\/p><\/div><\/div>\t\t\t\t<\/div>\n\t\t\t\t<\/div>\n\t\t\t\t\t<\/div>\n\t\t<\/div>\n\t\t\t\t\t<\/div>\n\t\t<\/section>\n\t\t\t\t<section class=\"elementor-section elementor-inner-section elementor-element elementor-element-5b433f1 elementor-section-boxed elementor-section-height-default elementor-section-height-default\" data-id=\"5b433f1\" data-element_type=\"section\" data-e-type=\"section\">\n\t\t\t\t\t\t<div class=\"elementor-container elementor-column-gap-extended\">\n\t\t\t\t\t<div class=\"elementor-column elementor-col-25 elementor-inner-column elementor-element elementor-element-3809e69\" data-id=\"3809e69\" data-element_type=\"column\" data-e-type=\"column\">\n\t\t\t<div class=\"elementor-widget-wrap elementor-element-populated\">\n\t\t\t\t\t\t<div class=\"elementor-element elementor-element-4d18cc5 elementor-position-top elementor-widget elementor-widget-image-box\" data-id=\"4d18cc5\" data-element_type=\"widget\" data-e-type=\"widget\" data-widget_type=\"image-box.default\">\n\t\t\t\t<div class=\"elementor-widget-container\">\n\t\t\t\t\t<div class=\"elementor-image-box-wrapper\"><figure class=\"elementor-image-box-img\"><a href=\"https:\/\/www.trips-group.com\/wp-content\/uploads\/2025\/04\/230717_UL-Certificate-of-Compliance_UL508A_UL698A.pdf\" target=\"_blank\" tabindex=\"-1\"><img loading=\"lazy\" decoding=\"async\" width=\"300\" height=\"300\" src=\"https:\/\/www.trips-group.com\/wp-content\/uploads\/2024\/11\/ul_zertifizierung.jpg\" class=\"attachment-full size-full wp-image-6908\" alt=\"UL-Zertifizierung | TRIPS group\" srcset=\"https:\/\/www.trips-group.com\/wp-content\/uploads\/2024\/11\/ul_zertifizierung.jpg 300w, https:\/\/www.trips-group.com\/wp-content\/uploads\/2024\/11\/ul_zertifizierung-150x150.jpg 150w\" sizes=\"(max-width: 300px) 100vw, 300px\" \/><\/a><\/figure><div class=\"elementor-image-box-content\"><h5 class=\"elementor-image-box-title\"><a href=\"https:\/\/www.trips-group.com\/wp-content\/uploads\/2025\/04\/230717_UL-Certificate-of-Compliance_UL508A_UL698A.pdf\" target=\"_blank\">UL Zertifizierung<\/a><\/h5><p class=\"elementor-image-box-description\">f\u00fcr die Lieferung unserer Leistungen in den \nnordamerikanischen\/ kanadischen Markt<\/p><\/div><\/div>\t\t\t\t<\/div>\n\t\t\t\t<\/div>\n\t\t\t\t\t<\/div>\n\t\t<\/div>\n\t\t\t\t<div class=\"elementor-column elementor-col-25 elementor-inner-column elementor-element elementor-element-7b875a1\" data-id=\"7b875a1\" data-element_type=\"column\" data-e-type=\"column\">\n\t\t\t<div class=\"elementor-widget-wrap elementor-element-populated\">\n\t\t\t\t\t\t<div class=\"elementor-element elementor-element-15a44c4 elementor-position-top elementor-widget elementor-widget-image-box\" data-id=\"15a44c4\" data-element_type=\"widget\" data-e-type=\"widget\" data-widget_type=\"image-box.default\">\n\t\t\t\t<div class=\"elementor-widget-container\">\n\t\t\t\t\t<div class=\"elementor-image-box-wrapper\"><figure class=\"elementor-image-box-img\"><img loading=\"lazy\" decoding=\"async\" width=\"300\" height=\"300\" src=\"https:\/\/www.trips-group.com\/wp-content\/uploads\/2024\/11\/ex_zertifizierung-1.jpg\" class=\"attachment-full size-full wp-image-6909\" alt=\"EX-Zertifizierung | TRIPS group\" srcset=\"https:\/\/www.trips-group.com\/wp-content\/uploads\/2024\/11\/ex_zertifizierung-1.jpg 300w, https:\/\/www.trips-group.com\/wp-content\/uploads\/2024\/11\/ex_zertifizierung-1-150x150.jpg 150w\" sizes=\"(max-width: 300px) 100vw, 300px\" \/><\/figure><div class=\"elementor-image-box-content\"><h5 class=\"elementor-image-box-title\">EX Zertifizierung<\/h5><p class=\"elementor-image-box-description\">f\u00fcr die Lieferung der TRIPS-Leistungen in explosionsgef\u00e4hrdete Bereiche\n<\/p><\/div><\/div>\t\t\t\t<\/div>\n\t\t\t\t<\/div>\n\t\t\t\t\t<\/div>\n\t\t<\/div>\n\t\t\t\t<div class=\"elementor-column elementor-col-25 elementor-inner-column elementor-element elementor-element-7679303\" data-id=\"7679303\" data-element_type=\"column\" data-e-type=\"column\">\n\t\t\t<div class=\"elementor-widget-wrap elementor-element-populated\">\n\t\t\t\t\t\t<div class=\"elementor-element elementor-element-09a91ad elementor-position-top elementor-widget elementor-widget-image-box\" data-id=\"09a91ad\" data-element_type=\"widget\" data-e-type=\"widget\" data-widget_type=\"image-box.default\">\n\t\t\t\t<div class=\"elementor-widget-container\">\n\t\t\t\t\t<div class=\"elementor-image-box-wrapper\"><figure class=\"elementor-image-box-img\"><img loading=\"lazy\" decoding=\"async\" width=\"300\" height=\"300\" src=\"https:\/\/www.trips-group.com\/wp-content\/uploads\/2024\/11\/kununu_zertifikat.jpg\" class=\"attachment-full size-full wp-image-6907\" alt=\"Kununu Top Company 2025 | TRIPS group\" srcset=\"https:\/\/www.trips-group.com\/wp-content\/uploads\/2024\/11\/kununu_zertifikat.jpg 300w, https:\/\/www.trips-group.com\/wp-content\/uploads\/2024\/11\/kununu_zertifikat-150x150.jpg 150w\" sizes=\"(max-width: 300px) 100vw, 300px\" \/><\/figure><div class=\"elementor-image-box-content\"><h5 class=\"elementor-image-box-title\">kununu TOP Company 2025<\/h5><p class=\"elementor-image-box-description\">TRIPS geh\u00f6rt zu den TOP-5-Prozent der Unternehmen auf kununu im Jahr 2025<\/p><\/div><\/div>\t\t\t\t<\/div>\n\t\t\t\t<\/div>\n\t\t\t\t\t<\/div>\n\t\t<\/div>\n\t\t\t\t<div class=\"elementor-column elementor-col-25 elementor-inner-column elementor-element elementor-element-850bb3f\" data-id=\"850bb3f\" data-element_type=\"column\" data-e-type=\"column\">\n\t\t\t<div class=\"elementor-widget-wrap elementor-element-populated\">\n\t\t\t\t\t\t<div class=\"elementor-element elementor-element-e3547cd elementor-position-top elementor-widget elementor-widget-image-box\" data-id=\"e3547cd\" data-element_type=\"widget\" data-e-type=\"widget\" data-widget_type=\"image-box.default\">\n\t\t\t\t<div class=\"elementor-widget-container\">\n\t\t\t\t\t<div class=\"elementor-image-box-wrapper\"><figure class=\"elementor-image-box-img\"><img loading=\"lazy\" decoding=\"async\" width=\"300\" height=\"300\" src=\"https:\/\/www.trips-group.com\/wp-content\/uploads\/2024\/11\/familienpakt_bayern.jpg\" class=\"attachment-full size-full wp-image-6903\" alt=\"Familienpakt Bayern | TRIPS group\" srcset=\"https:\/\/www.trips-group.com\/wp-content\/uploads\/2024\/11\/familienpakt_bayern.jpg 300w, https:\/\/www.trips-group.com\/wp-content\/uploads\/2024\/11\/familienpakt_bayern-150x150.jpg 150w\" sizes=\"(max-width: 300px) 100vw, 300px\" \/><\/figure><div class=\"elementor-image-box-content\"><h5 class=\"elementor-image-box-title\">Familienpakt Bayern<\/h5><p class=\"elementor-image-box-description\">Ein starkes Engagement f\u00fcr Familienfreundlichkeit am Arbeitsplatz.\n<\/p><\/div><\/div>\t\t\t\t<\/div>\n\t\t\t\t<\/div>\n\t\t\t\t\t<\/div>\n\t\t<\/div>\n\t\t\t\t\t<\/div>\n\t\t<\/section>\n\t\t\t\t\t<\/div>\n\t\t<\/div>\n\t\t\t\t\t<\/div>\n\t\t<\/section>\n\t\t\t\t<\/div>\n\t\t","protected":false},"excerpt":{"rendered":"<p>Auf dieser Seite finden Sie wichtige Zertifikate und Dokumente, denn Qualit\u00e4t ist f\u00fcr die TRIPS group ein zentraler Bestandteil unseres Handelns. Sie entsteht durch einen kontinuierlichen Prozess, bei dem wir unsere Produkte und Dienstleistungen regelm\u00e4\u00dfig auf den Pr\u00fcfstand stellen. Dabei stehen&#8230;<\/p>\n","protected":false},"author":1,"featured_media":0,"parent":0,"menu_order":0,"comment_status":"closed","ping_status":"closed","template":"","meta":{"footnotes":""},"class_list":["post-33","page","type-page","status-publish","hentry"],"aioseo_notices":[],"_links":{"self":[{"href":"https:\/\/www.trips-group.com\/de\/wp-json\/wp\/v2\/pages\/33","targetHints":{"allow":["GET"]}}],"collection":[{"href":"https:\/\/www.trips-group.com\/de\/wp-json\/wp\/v2\/pages"}],"about":[{"href":"https:\/\/www.trips-group.com\/de\/wp-json\/wp\/v2\/types\/page"}],"author":[{"embeddable":true,"href":"https:\/\/www.trips-group.com\/de\/wp-json\/wp\/v2\/users\/1"}],"replies":[{"embeddable":true,"href":"https:\/\/www.trips-group.com\/de\/wp-json\/wp\/v2\/comments?post=33"}],"version-history":[{"count":215,"href":"https:\/\/www.trips-group.com\/de\/wp-json\/wp\/v2\/pages\/33\/revisions"}],"predecessor-version":[{"id":20744,"href":"https:\/\/www.trips-group.com\/de\/wp-json\/wp\/v2\/pages\/33\/revisions\/20744"}],"wp:attachment":[{"href":"https:\/\/www.trips-group.com\/de\/wp-json\/wp\/v2\/media?parent=33"}],"curies":[{"name":"wp","href":"https:\/\/api.w.org\/{rel}","templated":true}]}}