{"id":43,"date":"2021-11-08T14:32:25","date_gmt":"2021-11-08T14:32:25","guid":{"rendered":"https:\/\/demo.artureanec.com\/themes\/energium\/?page_id=43"},"modified":"2026-03-05T09:58:38","modified_gmt":"2026-03-05T08:58:38","slug":"news","status":"publish","type":"page","link":"https:\/\/www.trips-group.com\/de\/news\/","title":{"rendered":"Newsroom"},"content":{"rendered":"\t\t<div data-elementor-type=\"wp-page\" data-elementor-id=\"43\" class=\"elementor elementor-43\" data-elementor-post-type=\"page\">\n\t\t\t\t\t\t<section class=\"elementor-section elementor-top-section elementor-element elementor-element-7401dc2 elementor-section-boxed elementor-section-height-default elementor-section-height-default\" data-id=\"7401dc2\" data-element_type=\"section\" data-e-type=\"section\">\n\t\t\t\t\t\t<div class=\"elementor-container elementor-column-gap-default\">\n\t\t\t\t\t<div class=\"elementor-column elementor-col-100 elementor-top-column elementor-element elementor-element-7f206fb\" data-id=\"7f206fb\" data-element_type=\"column\" data-e-type=\"column\">\n\t\t\t<div class=\"elementor-widget-wrap elementor-element-populated\">\n\t\t\t\t\t\t<div class=\"elementor-element elementor-element-cdb3dd8 elementor-widget elementor-widget-energium_blog_listing\" data-id=\"cdb3dd8\" data-element_type=\"widget\" data-e-type=\"widget\" data-widget_type=\"energium_blog_listing.default\">\n\t\t\t\t<div class=\"elementor-widget-container\">\n\t\t\t\t\t\n        <div class=\"archive-listing\" data-ajax='{&quot;post_type&quot;:&quot;post&quot;,&quot;post_status&quot;:&quot;publish&quot;,&quot;posts_per_page&quot;:4,&quot;orderby&quot;:&quot;date&quot;,&quot;order&quot;:&quot;desc&quot;,&quot;paged&quot;:1,&quot;category_name&quot;:&quot;&quot;,&quot;tag&quot;:&quot;&quot;,&quot;post__in&quot;:&quot;&quot;,&quot;ignore_sticky_posts&quot;:false,&quot;link_base&quot;:&quot;https:\\\/\\\/www.trips-group.com\\\/de\\\/wp-json\\\/wp\\\/v2\\\/pages\\\/43\\\/&quot;}' data-widget='{&quot;excerpt_length&quot;:281,&quot;show_cat&quot;:&quot;yes&quot;,&quot;show_media&quot;:&quot;yes&quot;,&quot;show_author&quot;:&quot;&quot;,&quot;show_date&quot;:&quot;yes&quot;,&quot;show_title&quot;:&quot;yes&quot;,&quot;show_tags&quot;:&quot;yes&quot;,&quot;show_excerpt&quot;:&quot;yes&quot;,&quot;show_read_more&quot;:&quot;yes&quot;,&quot;read_more_text&quot;:&quot;mehr erfahren&quot;,&quot;item_class&quot;:&quot;post standard-blog-item-wrapper&quot;,&quot;columns_number&quot;:1}'>\n            <div class=\"archive-listing-wrapper\">\n                \r\n<div class=\"standard-blog-item-wrapper post post-22412 type-post status-publish format-standard hentry category-unternehmen\">\r\n    <div class=\"blog-item item-with-date\">\r\n        <div class=\"post-labels\"><div class=\"post-categories\"><a class=\"post-category-item\" href=\"https:\/\/www.trips-group.com\/de\/category\/unternehmen\/\">Unternehmen<\/a><\/div><\/div><div class=\"post-meta-header\"><div class=\"post-meta-item post-meta-item-date\"><a href=\"https:\/\/www.trips-group.com\/de\/2026\/04\/06\/\">6. April 2026<\/a><\/div><\/div><h3 class=\"post-title\"><a href=\"https:\/\/www.trips-group.com\/de\/neues-gebaeude-am-standort-grafenrheinfeld-fertiggestellt\/\">Neues Geb\u00e4ude am Standort Grafenrheinfeld fertiggestellt<\/a><\/h3><div class=\"post-content\">TRIPS setzt seinen erfolgreichen Wachstumskurs fort: Zu Beginn des neuen Jahres kann der Experte f\u00fcr Schaltschrankbau und Automatisierung einen wichtigen Meilenstein vermelden. Nach rund einem Jahr Bauzeit ist das neue Geb\u00e4ude am Standort Grafenrheinfeld fertiggestellt. Mit eine<\/div><div class=\"post-more-button\"><a href=\"https:\/\/www.trips-group.com\/de\/neues-gebaeude-am-standort-grafenrheinfeld-fertiggestellt\/\"><span>mehr erfahren<\/span><svg viewBox=\"0 0 13 20\"><polyline points=\"0.5 19.5 3 19.5 12.5 10 3 0.5\" \/><\/svg><\/a><\/div>    <\/div>\r\n<\/div>\r\n<div class=\"standard-blog-item-wrapper post post-20439 type-post status-publish format-standard hentry category-unternehmen\">\r\n    <div class=\"blog-item item-with-date\">\r\n        <div class=\"post-labels\"><div class=\"post-categories\"><a class=\"post-category-item\" href=\"https:\/\/www.trips-group.com\/de\/category\/unternehmen\/\">Unternehmen<\/a><\/div><\/div><div class=\"post-meta-header\"><div class=\"post-meta-item post-meta-item-date\"><a href=\"https:\/\/www.trips-group.com\/de\/2026\/01\/19\/\">19. Januar 2026<\/a><\/div><\/div><h3 class=\"post-title\"><a href=\"https:\/\/www.trips-group.com\/de\/schaltschrankbau-bei-trips-fuer-industrie-und-energie\/\">Schaltschrankbau bei TRIPS: F\u00fcr Industrie und Energie<\/a><\/h3><div class=\"post-content\">Im Schaltschrankbau werden elektrische Steuer\u2011, Schutz\u2011 und Verteilfunktionen technisch integriert und systematisch umgesetzt. Bei der TRIPS group ist dieser Bereich ein zentraler Bestandteil der Schaltanlagen\u2011 und Automatisierungstechnik. Schaltschr\u00e4nke dienen als mechanis<\/div><div class=\"post-more-button\"><a href=\"https:\/\/www.trips-group.com\/de\/schaltschrankbau-bei-trips-fuer-industrie-und-energie\/\"><span>mehr erfahren<\/span><svg viewBox=\"0 0 13 20\"><polyline points=\"0.5 19.5 3 19.5 12.5 10 3 0.5\" \/><\/svg><\/a><\/div>    <\/div>\r\n<\/div>\r\n<div class=\"standard-blog-item-wrapper post post-19220 type-post status-publish format-standard hentry category-unternehmen tag-siemens tag-trips-group\">\r\n    <div class=\"blog-item item-with-date\">\r\n        <div class=\"post-labels\"><div class=\"post-categories\"><a class=\"post-category-item\" href=\"https:\/\/www.trips-group.com\/de\/category\/unternehmen\/\">Unternehmen<\/a><\/div><\/div><div class=\"post-meta-header\"><div class=\"post-meta-item post-meta-item-date\"><a href=\"https:\/\/www.trips-group.com\/de\/2025\/11\/05\/\">5. November 2025<\/a><\/div><\/div><h3 class=\"post-title\"><a href=\"https:\/\/www.trips-group.com\/de\/trips-ist-jetzt-offizieller-siemens-sivacon-partner\/\">TRIPS ist jetzt offizieller Siemens SIVACON Partner<\/a><\/h3><div class=\"post-content\">Seit dem 27.10.2025 sind wir stolzer Siemens SIVACON Technology Partner. Diese Partnerschaft steht f\u00fcr h\u00f6chste Qualit\u00e4t: SIVACON Partner sind qualifizierte Schaltanlagenhersteller, die permanent auditiert werden. Als lizenzierter Hersteller k\u00f6nnen wir nun SIVACON S8 Niederspan<\/div><div class=\"post-meta-item post-meta-item-tags\"><a href=\"https:\/\/www.trips-group.com\/de\/tag\/siemens\/\" rel=\"tag\">Siemens<\/a>, <a href=\"https:\/\/www.trips-group.com\/de\/tag\/trips-group\/\" rel=\"tag\">TRIPS group<\/a><\/div><div class=\"post-more-button\"><a href=\"https:\/\/www.trips-group.com\/de\/trips-ist-jetzt-offizieller-siemens-sivacon-partner\/\"><span>mehr erfahren<\/span><svg viewBox=\"0 0 13 20\"><polyline points=\"0.5 19.5 3 19.5 12.5 10 3 0.5\" \/><\/svg><\/a><\/div>    <\/div>\r\n<\/div>\r\n<div class=\"standard-blog-item-wrapper post post-19090 type-post status-publish format-standard hentry category-mitarbeiter category-trips-polska category-unternehmen\">\r\n    <div class=\"blog-item item-with-date\">\r\n        <div class=\"post-labels\"><div class=\"post-categories\"><a class=\"post-category-item\" href=\"https:\/\/www.trips-group.com\/de\/category\/mitarbeiter\/\">Mitarbeiter<\/a><a class=\"post-category-item\" href=\"https:\/\/www.trips-group.com\/de\/category\/trips-polska\/\">TRIPS Polska<\/a><a class=\"post-category-item\" href=\"https:\/\/www.trips-group.com\/de\/category\/unternehmen\/\">Unternehmen<\/a><\/div><\/div><div class=\"post-meta-header\"><div class=\"post-meta-item post-meta-item-date\"><a href=\"https:\/\/www.trips-group.com\/de\/2025\/10\/28\/\">28. Oktober 2025<\/a><\/div><\/div><h3 class=\"post-title\"><a href=\"https:\/\/www.trips-group.com\/de\/trips-im-rittal-magazin-be-top\/\">TRIPS im RITTAL-Magazin be top<\/a><\/h3><div class=\"post-content\">Be top, das hauseigene Magazin von RITTAL, hat TRIPS sowie die TRIPS Automatyka Polska (TAP) f\u00fcr die aktuelle Ausgabe portr\u00e4tiert. Von den Anf\u00e4ngen bis zur heutigen Situation und die Zukunftsaussichten der TRIPS group &#8211; darum ging es in einem Gespr\u00e4ch, das...<\/div><div class=\"post-more-button\"><a href=\"https:\/\/www.trips-group.com\/de\/trips-im-rittal-magazin-be-top\/\"><span>mehr erfahren<\/span><svg viewBox=\"0 0 13 20\"><polyline points=\"0.5 19.5 3 19.5 12.5 10 3 0.5\" \/><\/svg><\/a><\/div>    <\/div>\r\n<\/div>            <\/div>\n\n            <div class=\"content-pagination\"><nav class=\"pagination\"><div class=\"nav-links\"><span aria-current=\"page\" class=\"page-numbers current\">1<\/span>\n<a class=\"page-numbers\" href=\"https:\/\/www.trips-group.com\/de\/wp-json\/wp\/v2\/pages\/43\/?cdb3dd8-paged=2\">2<\/a>\n<a class=\"page-numbers\" href=\"https:\/\/www.trips-group.com\/de\/wp-json\/wp\/v2\/pages\/43\/?cdb3dd8-paged=3\">3<\/a>\n<span class=\"page-numbers dots\">&hellip;<\/span>\n<a class=\"page-numbers\" href=\"https:\/\/www.trips-group.com\/de\/wp-json\/wp\/v2\/pages\/43\/?cdb3dd8-paged=5\">5<\/a>\n<a class=\"page-numbers\" href=\"https:\/\/www.trips-group.com\/de\/wp-json\/wp\/v2\/pages\/43\/?cdb3dd8-paged=6\">6<\/a>\n<a class=\"next page-numbers\" href=\"https:\/\/www.trips-group.com\/de\/wp-json\/wp\/v2\/pages\/43\/?cdb3dd8-paged=2\">Next<\/a><\/div><\/nav><\/div>        <\/div>\n        \t\t\t\t<\/div>\n\t\t\t\t<\/div>\n\t\t\t\t\t<\/div>\n\t\t<\/div>\n\t\t\t\t\t<\/div>\n\t\t<\/section>\n\t\t\t\t<\/div>\n\t\t","protected":false},"excerpt":{"rendered":"","protected":false},"author":1,"featured_media":0,"parent":0,"menu_order":0,"comment_status":"closed","ping_status":"closed","template":"","meta":{"footnotes":""},"class_list":["post-43","page","type-page","status-publish","hentry"],"aioseo_notices":[],"_links":{"self":[{"href":"https:\/\/www.trips-group.com\/de\/wp-json\/wp\/v2\/pages\/43","targetHints":{"allow":["GET"]}}],"collection":[{"href":"https:\/\/www.trips-group.com\/de\/wp-json\/wp\/v2\/pages"}],"about":[{"href":"https:\/\/www.trips-group.com\/de\/wp-json\/wp\/v2\/types\/page"}],"author":[{"embeddable":true,"href":"https:\/\/www.trips-group.com\/de\/wp-json\/wp\/v2\/users\/1"}],"replies":[{"embeddable":true,"href":"https:\/\/www.trips-group.com\/de\/wp-json\/wp\/v2\/comments?post=43"}],"version-history":[{"count":8,"href":"https:\/\/www.trips-group.com\/de\/wp-json\/wp\/v2\/pages\/43\/revisions"}],"predecessor-version":[{"id":7613,"href":"https:\/\/www.trips-group.com\/de\/wp-json\/wp\/v2\/pages\/43\/revisions\/7613"}],"wp:attachment":[{"href":"https:\/\/www.trips-group.com\/de\/wp-json\/wp\/v2\/media?parent=43"}],"curies":[{"name":"wp","href":"https:\/\/api.w.org\/{rel}","templated":true}]}}