{"id":49,"date":"2021-11-08T15:34:58","date_gmt":"2021-11-08T15:34:58","guid":{"rendered":"https:\/\/demo.artureanec.com\/themes\/energium\/?page_id=49"},"modified":"2026-02-17T15:52:25","modified_gmt":"2026-02-17T14:52:25","slug":"kontakt","status":"publish","type":"page","link":"https:\/\/www.trips-group.com\/de\/kontakt\/","title":{"rendered":"Kontakt"},"content":{"rendered":"\t\t<div data-elementor-type=\"wp-page\" data-elementor-id=\"49\" class=\"elementor elementor-49\" data-elementor-post-type=\"page\">\n\t\t\t\t\t\t<section class=\"elementor-section elementor-top-section elementor-element elementor-element-28045c4 elementor-section-boxed elementor-section-height-default elementor-section-height-default\" data-id=\"28045c4\" data-element_type=\"section\" data-e-type=\"section\" data-settings=\"{&quot;background_background&quot;:&quot;classic&quot;}\">\n\t\t\t\t\t\t<div class=\"elementor-container elementor-column-gap-extended\">\n\t\t\t\t\t<div class=\"elementor-column elementor-col-33 elementor-top-column elementor-element elementor-element-1862473\" data-id=\"1862473\" data-element_type=\"column\" data-e-type=\"column\">\n\t\t\t<div class=\"elementor-widget-wrap elementor-element-populated\">\n\t\t\t\t\t\t<div class=\"elementor-element elementor-element-2b4eb14 elementor-hidden-tablet_extra elementor-hidden-tablet elementor-hidden-mobile_extra elementor-hidden-mobile elementor-widget elementor-widget-energium_vertical_text\" data-id=\"2b4eb14\" data-element_type=\"widget\" data-e-type=\"widget\" data-widget_type=\"energium_vertical_text.default\">\n\t\t\t\t<div class=\"elementor-widget-container\">\n\t\t\t\t\t<div class=\"vertical-text\">Kontakt<\/div>\t\t\t\t<\/div>\n\t\t\t\t<\/div>\n\t\t\t\t<div class=\"elementor-element elementor-element-7d0200c elementor-widget elementor-widget-energium_heading\" data-id=\"7d0200c\" data-element_type=\"widget\" data-e-type=\"widget\" data-widget_type=\"energium_heading.default\">\n\t\t\t\t<div class=\"elementor-widget-container\">\n\t\t\t\t\t<div class=\"energium-heading-widget\"><h2 class=\"energium-heading\"><span class=\"energium-heading-content\">Get in Touch<\/span><\/h2><\/div>\t\t\t\t<\/div>\n\t\t\t\t<\/div>\n\t\t\t\t<div class=\"elementor-element elementor-element-2d68402 elementor-widget elementor-widget-text-editor\" data-id=\"2d68402\" data-element_type=\"widget\" data-e-type=\"widget\" data-widget_type=\"text-editor.default\">\n\t\t\t\t<div class=\"elementor-widget-container\">\n\t\t\t\t\t\t\t\t\t<p>Nehmen Sie Kontakt auf, wir freuen uns darauf von Ihnen zu h\u00f6ren! Egal, ob Sie Fragen haben, ein Projekt besprechen m\u00f6chten oder weitere Informationen zu unseren Dienstleistungen ben\u00f6tigen \u2013 die TRIPS group aus Grafenrheinfeld ist Ihr Systemhaus f\u00fcr innovative Automatisierungsl\u00f6sungen.<\/p>\t\t\t\t\t\t\t\t<\/div>\n\t\t\t\t<\/div>\n\t\t\t\t<div class=\"elementor-element elementor-element-6cdc9c1 elementor-widget elementor-widget-energium_heading\" data-id=\"6cdc9c1\" data-element_type=\"widget\" data-e-type=\"widget\" data-widget_type=\"energium_heading.default\">\n\t\t\t\t<div class=\"elementor-widget-container\">\n\t\t\t\t\t<div class=\"energium-heading-widget\"><h2 class=\"energium-heading\"><span class=\"energium-heading-content\">STANDORTE<\/span><\/h2><\/div>\t\t\t\t<\/div>\n\t\t\t\t<\/div>\n\t\t\t\t<div class=\"elementor-element elementor-element-dbaf36d elementor-widget elementor-widget-text-editor\" data-id=\"dbaf36d\" data-element_type=\"widget\" data-e-type=\"widget\" data-widget_type=\"text-editor.default\">\n\t\t\t\t<div class=\"elementor-widget-container\">\n\t\t\t\t\t\t\t\t\t<p><strong>TRIPS GmbH Headquarter<\/strong><br>Hohe Heide 8-14<br>97506 Grafenrheinfeld<\/p>\t\t\t\t\t\t\t\t<\/div>\n\t\t\t\t<\/div>\n\t\t\t\t<div class=\"elementor-element elementor-element-95b2736 elementor-widget elementor-widget-energium_heading\" data-id=\"95b2736\" data-element_type=\"widget\" data-e-type=\"widget\" data-widget_type=\"energium_heading.default\">\n\t\t\t\t<div class=\"elementor-widget-container\">\n\t\t\t\t\t<div class=\"energium-heading-widget\"><h2 class=\"energium-heading\"><span class=\"energium-heading-content\">Telefonnummer<\/span><\/h2><\/div>\t\t\t\t<\/div>\n\t\t\t\t<\/div>\n\t\t\t\t<div class=\"elementor-element elementor-element-c200d10 elementor-widget elementor-widget-text-editor\" data-id=\"c200d10\" data-element_type=\"widget\" data-e-type=\"widget\" data-widget_type=\"text-editor.default\">\n\t\t\t\t<div class=\"elementor-widget-container\">\n\t\t\t\t\t\t\t\t\t<p><a href=\"tel: +49 972391970\">+49 9723 9197-0<\/a><\/p>\t\t\t\t\t\t\t\t<\/div>\n\t\t\t\t<\/div>\n\t\t\t\t<div class=\"elementor-element elementor-element-1b0bdb5 elementor-widget elementor-widget-energium_heading\" data-id=\"1b0bdb5\" data-element_type=\"widget\" data-e-type=\"widget\" data-widget_type=\"energium_heading.default\">\n\t\t\t\t<div class=\"elementor-widget-container\">\n\t\t\t\t\t<div class=\"energium-heading-widget\"><h2 class=\"energium-heading\"><span class=\"energium-heading-content\">Email<\/span><\/h2><\/div>\t\t\t\t<\/div>\n\t\t\t\t<\/div>\n\t\t\t\t<div class=\"elementor-element elementor-element-57ac97e elementor-widget elementor-widget-text-editor\" data-id=\"57ac97e\" data-element_type=\"widget\" data-e-type=\"widget\" data-widget_type=\"text-editor.default\">\n\t\t\t\t<div class=\"elementor-widget-container\">\n\t\t\t\t\t\t\t\t\t<p><span style=\"color: #9c88bf;\"><a style=\"color: #9c88bff;\" href=\"mailto:info@trips-group.com\">info@trips-group.com<\/a><\/span><\/p>\t\t\t\t\t\t\t\t<\/div>\n\t\t\t\t<\/div>\n\t\t\t\t\t<\/div>\n\t\t<\/div>\n\t\t\t\t<div class=\"elementor-column elementor-col-33 elementor-top-column elementor-element elementor-element-8b0ad97 elementor-hidden-tablet_extra elementor-hidden-tablet elementor-hidden-mobile_extra elementor-hidden-mobile\" data-id=\"8b0ad97\" data-element_type=\"column\" data-e-type=\"column\">\n\t\t\t<div class=\"elementor-widget-wrap\">\n\t\t\t\t\t\t\t<\/div>\n\t\t<\/div>\n\t\t\t\t<div class=\"elementor-column elementor-col-33 elementor-top-column elementor-element elementor-element-9522d2a\" data-id=\"9522d2a\" data-element_type=\"column\" data-e-type=\"column\">\n\t\t\t<div class=\"elementor-widget-wrap elementor-element-populated\">\n\t\t\t\t\t\t<div class=\"elementor-element elementor-element-156e515 elementor-widget elementor-widget-energium_heading\" data-id=\"156e515\" data-element_type=\"widget\" data-e-type=\"widget\" data-widget_type=\"energium_heading.default\">\n\t\t\t\t<div class=\"elementor-widget-container\">\n\t\t\t\t\t<div class=\"energium-heading-widget\"><h4 class=\"energium-heading\"><span class=\"energium-heading-content\">Sie haben eine Frage oder ein Anliegen? <br \/>Nehmen Sie Kontakt zu uns auf!<\/span><\/h4><\/div>\t\t\t\t<\/div>\n\t\t\t\t<\/div>\n\t\t\t\t<div class=\"elementor-element elementor-element-31ef653 elementor-widget elementor-widget-energium_wpforms\" data-id=\"31ef653\" data-element_type=\"widget\" data-e-type=\"widget\" data-widget_type=\"energium_wpforms.default\">\n\t\t\t\t<div class=\"elementor-widget-container\">\n\t\t\t\t\t        <div class=\"energium-wpforms-widget\">\n            <style id=\"wpforms-css-vars-5460\">\n\t\t\t\t#wpforms-5460 {\n\t\t\t\t--wpforms-field-size-input-height: 43px;\n--wpforms-field-size-input-spacing: 15px;\n--wpforms-field-size-font-size: 16px;\n--wpforms-field-size-line-height: 19px;\n--wpforms-field-size-padding-h: 14px;\n--wpforms-field-size-checkbox-size: 16px;\n--wpforms-field-size-sublabel-spacing: 5px;\n--wpforms-field-size-icon-size: 1;\n--wpforms-label-size-font-size: 16px;\n--wpforms-label-size-line-height: 19px;\n--wpforms-label-size-sublabel-font-size: 14px;\n--wpforms-label-size-sublabel-line-height: 17px;\n--wpforms-button-size-font-size: 17px;\n--wpforms-button-size-height: 41px;\n--wpforms-button-size-padding-h: 15px;\n--wpforms-button-size-margin-top: 10px;\n--wpforms-container-shadow-size-box-shadow: none;\n\t\t\t}\n\t\t\t<\/style><div class=\"wpforms-container wpforms-container-full wpforms-render-modern\" id=\"wpforms-5460\"><form id=\"wpforms-form-5460\" class=\"wpforms-validate wpforms-form wpforms-ajax-form\" data-formid=\"5460\" method=\"post\" enctype=\"multipart\/form-data\" action=\"\/de\/wp-json\/wp\/v2\/pages\/49\" data-token=\"206253ec94c040a234a7be58ca6dbfa0\" data-token-time=\"1777383750\"><noscript class=\"wpforms-error-noscript\">Bitte aktiviere JavaScript in deinem Browser, um dieses Formular fertigzustellen.<\/noscript><div id=\"wpforms-error-noscript\" style=\"display: none;\">Bitte aktiviere JavaScript in deinem Browser, um dieses Formular fertigzustellen.<\/div><div class=\"wpforms-field-container\"><div id=\"wpforms-5460-field_1-container\" class=\"wpforms-field wpforms-field-text wpforms-one-half wpforms-first\" data-field-id=\"1\"><div class=\"wpforms-field-wrapper energium-form-field\"><div class=\"energium-label-wrapper\"><div class=\"energium-form-field-border-angle\"><\/div><label class=\"wpforms-field-label\" for=\"wpforms-5460-field_1\">Name <span class=\"wpforms-required-label\" aria-hidden=\"true\">*<\/span><\/label><div class=\"energium-form-field-border-top\"><\/div><\/div><input type=\"text\" id=\"wpforms-5460-field_1\" class=\"wpforms-field-large wpforms-field-required\" name=\"wpforms[fields][1]\" aria-errormessage=\"wpforms-5460-field_1-error\" required><div class=\"energium-form-field-border-bottom\"><\/div><\/div><\/div><div id=\"wpforms-5460-field_7-container\" class=\"wpforms-field wpforms-field-name\" data-field-id=\"7\"><div class=\"wpforms-field-wrapper energium-form-field\"><div class=\"energium-label-wrapper\"><div class=\"energium-form-field-border-angle\"><\/div><label class=\"wpforms-field-label\" for=\"wpforms-5460-field_7\">Unternehmen <span class=\"wpforms-required-label\" aria-hidden=\"true\">*<\/span><\/label><div class=\"energium-form-field-border-top\"><\/div><\/div><input type=\"text\" id=\"wpforms-5460-field_7\" class=\"wpforms-field-medium wpforms-field-required\" name=\"wpforms[fields][7]\" aria-errormessage=\"wpforms-5460-field_7-error\" required><div class=\"energium-form-field-border-bottom\"><\/div><\/div><\/div><div id=\"wpforms-5460-field_2-container\" class=\"wpforms-field wpforms-field-email wpforms-one-half\" data-field-id=\"2\"><div class=\"wpforms-field-wrapper energium-form-field\"><div class=\"energium-label-wrapper\"><div class=\"energium-form-field-border-angle\"><\/div><label class=\"wpforms-field-label\" for=\"wpforms-5460-field_2\">EMail <span class=\"wpforms-required-label\" aria-hidden=\"true\">*<\/span><\/label><div class=\"energium-form-field-border-top\"><\/div><\/div><input type=\"email\" id=\"wpforms-5460-field_2\" class=\"wpforms-field-large wpforms-field-required\" name=\"wpforms[fields][2]\" spellcheck=\"false\" aria-errormessage=\"wpforms-5460-field_2-error\" required><div class=\"energium-form-field-border-bottom\"><\/div><\/div><\/div><div id=\"wpforms-5460-field_5-container\" class=\"wpforms-field wpforms-field-text\" data-field-id=\"5\"><div class=\"wpforms-field-wrapper energium-form-field\"><div class=\"energium-label-wrapper\"><div class=\"energium-form-field-border-angle\"><\/div><label class=\"wpforms-field-label\" for=\"wpforms-5460-field_5\">Betreff<\/label><div class=\"energium-form-field-border-top\"><\/div><\/div><input type=\"text\" id=\"wpforms-5460-field_5\" class=\"wpforms-field-large\" name=\"wpforms[fields][5]\" aria-errormessage=\"wpforms-5460-field_5-error\" ><div class=\"energium-form-field-border-bottom\"><\/div><\/div><\/div><div id=\"wpforms-5460-field_3-container\" class=\"wpforms-field wpforms-field-textarea\" data-field-id=\"3\"><div class=\"wpforms-field-wrapper energium-form-field\"><div class=\"energium-label-wrapper\"><div class=\"energium-form-field-border-angle\"><\/div><label class=\"wpforms-field-label\" for=\"wpforms-5460-field_3\">Nachricht <span class=\"wpforms-required-label\" aria-hidden=\"true\">*<\/span><\/label><div class=\"energium-form-field-border-top\"><\/div><\/div><textarea id=\"wpforms-5460-field_3\" class=\"wpforms-field-medium wpforms-field-required\" name=\"wpforms[fields][3]\" aria-errormessage=\"wpforms-5460-field_3-error\" required><\/textarea><div class=\"energium-form-field-border-bottom\"><\/div><\/div><\/div><div id=\"wpforms-5460-field_6-container\" class=\"wpforms-field wpforms-field-checkbox\" data-field-id=\"6\"><fieldset><legend class=\"wpforms-field-label\">Datenschutzeinstellungen <span class=\"wpforms-required-label\" aria-hidden=\"true\">*<\/span><\/legend><ul id=\"wpforms-5460-field_6\" class=\"wpforms-field-required\"><li class=\"choice-1 depth-1\"><input type=\"checkbox\" id=\"wpforms-5460-field_6_1\" name=\"wpforms[fields][6][]\" value=\"Ja, ich akzeptiere die &lt;a href=&quot;\/datenschutz&quot; target=&quot;https:\/\/www.trips-group.com\/de\/datenschutz\/&quot;&gt;Datenschutzerkl\u00e4rung&lt;\/a&gt;.\" aria-errormessage=\"wpforms-5460-field_6_1-error\" aria-describedby=\"wpforms-5460-field_6-description\" required ><label class=\"wpforms-field-label-inline\" for=\"wpforms-5460-field_6_1\">Ja, ich akzeptiere die <a href=\"\/datenschutz\" target=\"https:\/\/www.trips-group.com\/de\/datenschutz\/\">Datenschutzerkl\u00e4rung<\/a>.<\/label><\/li><\/ul><div id=\"wpforms-5460-field_6-description\" class=\"wpforms-field-description\"><br \/>Datenschutzerkl\u00e4rung <br \/> <br \/>\nWir nehmen Datenschutz sehr ernst und versichern Ihnen, Ihr Anliegen streng vertraulich zu behandeln und Ihre Daten nicht an Dritte weiterzugeben. Unsere vollst\u00e4ndigen Datenschutzrichtlinien k\u00f6nnen Sie hier einsehen.<\/div><\/fieldset><\/div><\/div><!-- .wpforms-field-container --><div class=\"wpforms-submit-container\" ><input type=\"hidden\" name=\"wpforms[id]\" value=\"5460\"><input type=\"hidden\" name=\"page_title\" value=\"\"><input type=\"hidden\" name=\"page_url\" value=\"https:\/\/www.trips-group.com\/de\/wp-json\/wp\/v2\/pages\/49\"><input type=\"hidden\" name=\"url_referer\" value=\"\"><button type=\"submit\" name=\"wpforms[submit]\" id=\"wpforms-submit-5460\" class=\"wpforms-submit\" data-alt-text=\"Sending...\" data-submit-text=\"Anfrage senden\" aria-live=\"assertive\" value=\"wpforms-submit\">Anfrage senden<\/button><img decoding=\"async\" src=\"https:\/\/www.trips-group.com\/wp-content\/plugins\/wpforms\/assets\/images\/submit-spin.svg\" class=\"wpforms-submit-spinner\" style=\"display: none;\" width=\"26\" height=\"26\" alt=\"Wird geladen\"><\/div><\/form><\/div>  <!-- .wpforms-container -->        <\/div>\n        \t\t\t\t<\/div>\n\t\t\t\t<\/div>\n\t\t\t\t\t<\/div>\n\t\t<\/div>\n\t\t\t\t\t<\/div>\n\t\t<\/section>\n\t\t<div class=\"elementor-element elementor-element-1feaf3e e-flex e-con-boxed e-con e-parent\" data-id=\"1feaf3e\" data-element_type=\"container\" data-e-type=\"container\">\n\t\t\t\t\t<div class=\"e-con-inner\">\n\t\t<div class=\"elementor-element elementor-element-cd0d040 e-con-full e-flex e-con e-child\" data-id=\"cd0d040\" data-element_type=\"container\" data-e-type=\"container\">\n\t\t\t\t<div class=\"elementor-element elementor-element-f743a70 elementor-widget elementor-widget-text-editor\" data-id=\"f743a70\" data-element_type=\"widget\" data-e-type=\"widget\" data-widget_type=\"text-editor.default\">\n\t\t\t\t<div class=\"elementor-widget-container\">\n\t\t\t\t\t\t\t\t\t<p><strong>TRIPS GmbH W\u00fclfrath<br \/><\/strong>Am Rathaus 9<br \/>42489 W\u00fclfrath<br \/>Tel. <a href=\"tel:+49 2058 893229 0\">+49 2058 893229 0<\/a><br \/><a href=\"mailto:info@trips-group.com\">info@trips-group.com<\/a><strong><br \/><\/strong><\/p>\t\t\t\t\t\t\t\t<\/div>\n\t\t\t\t<\/div>\n\t\t\t\t<\/div>\n\t\t<div class=\"elementor-element elementor-element-e544067 e-con-full e-flex e-con e-child\" data-id=\"e544067\" data-element_type=\"container\" data-e-type=\"container\">\n\t\t\t\t<div class=\"elementor-element elementor-element-492243e elementor-widget elementor-widget-text-editor\" data-id=\"492243e\" data-element_type=\"widget\" data-e-type=\"widget\" data-widget_type=\"text-editor.default\">\n\t\t\t\t<div class=\"elementor-widget-container\">\n\t\t\t\t\t\t\t\t\t<p><strong>TRIPS Automatyka Polska<\/strong><br \/>Ul. Limanowskiego 49<br \/>47-300 Krapkowice<br \/><a href=\"https:\/\/trips-automatyka.pl\/en\">trips-automatyka.pl<\/a><br \/><a href=\"mailto:info.polska@trips-group.com\">info.polska@trips-group.com<\/a><\/p>\t\t\t\t\t\t\t\t<\/div>\n\t\t\t\t<\/div>\n\t\t\t\t<\/div>\n\t\t<div class=\"elementor-element elementor-element-4166e98 e-con-full e-flex e-con e-child\" data-id=\"4166e98\" data-element_type=\"container\" data-e-type=\"container\">\n\t\t\t\t<div class=\"elementor-element elementor-element-ac60e43 elementor-widget elementor-widget-text-editor\" data-id=\"ac60e43\" data-element_type=\"widget\" data-e-type=\"widget\" data-widget_type=\"text-editor.default\">\n\t\t\t\t<div class=\"elementor-widget-container\">\n\t\t\t\t\t\t\t\t\t<p><strong>ingeniou.s GmbH &amp; Co. KG<br \/><\/strong>Hohe Heide 8-10<br \/>97506 Grafenrheinfeld <br \/>Tel.<a href=\"tel: +49 9723 919730\">\u00a0+49 9723 9197 30<\/a><br \/><a href=\"mailto:infio@ingenious-jobs.de\">info@ingenious-jobs.de<\/a><\/p>\t\t\t\t\t\t\t\t<\/div>\n\t\t\t\t<\/div>\n\t\t\t\t<\/div>\n\t\t<div class=\"elementor-element elementor-element-2d25496 e-con-full e-flex e-con e-child\" data-id=\"2d25496\" data-element_type=\"container\" data-e-type=\"container\">\n\t\t\t\t<div class=\"elementor-element elementor-element-6c80b16 elementor-widget elementor-widget-text-editor\" data-id=\"6c80b16\" data-element_type=\"widget\" data-e-type=\"widget\" data-widget_type=\"text-editor.default\">\n\t\t\t\t<div class=\"elementor-widget-container\">\n\t\t\t\t\t\t\t\t\t<p><strong>\u00a0<\/strong><\/p>\t\t\t\t\t\t\t\t<\/div>\n\t\t\t\t<\/div>\n\t\t\t\t<\/div>\n\t\t\t\t\t<\/div>\n\t\t\t\t<\/div>\n\t\t\t\t<section class=\"elementor-section elementor-top-section elementor-element elementor-element-b9f0b25 elementor-section-full_width elementor-section-stretched elementor-section-height-default elementor-section-height-default\" data-id=\"b9f0b25\" data-element_type=\"section\" data-e-type=\"section\" data-settings=\"{&quot;stretch_section&quot;:&quot;section-stretched&quot;}\">\n\t\t\t\t\t\t<div class=\"elementor-container elementor-column-gap-no\">\n\t\t\t\t\t<div class=\"elementor-column elementor-col-100 elementor-top-column elementor-element elementor-element-e14347a\" data-id=\"e14347a\" data-element_type=\"column\" data-e-type=\"column\">\n\t\t\t<div class=\"elementor-widget-wrap elementor-element-populated\">\n\t\t\t\t\t\t<div class=\"elementor-element elementor-element-9d87d0c elementor-widget elementor-widget-google_maps\" data-id=\"9d87d0c\" data-element_type=\"widget\" data-e-type=\"widget\" data-widget_type=\"google_maps.default\">\n\t\t\t\t<div class=\"elementor-widget-container\">\n\t\t\t\t\t\t\t<div class=\"elementor-custom-embed\">\n\t\t\t <div class=\"brlbs-cmpnt-container brlbs-cmpnt-content-blocker brlbs-cmpnt-with-individual-styles\" data-borlabs-cookie-content-blocker-id=\"default\" data-borlabs-cookie-content=\"PGlmcmFtZSBsb2FkaW5nPSJsYXp5IgoJCQkJCXNyYz0iaHR0cHM6Ly9tYXBzLmdvb2dsZS5jb20vbWFwcz9xPUhvaGUlMjA4LTEwJTIwR3JhZmVucmhlaW5mZWxkJiMwMzg7dD1tJiMwMzg7ej03JiMwMzg7b3V0cHV0PWVtYmVkJiMwMzg7aXdsb2M9bmVhciIKCQkJCQl0aXRsZT0iSG9oZSA4LTEwIEdyYWZlbnJoZWluZmVsZCIKCQkJCQlhcmlhLWxhYmVsPSJIb2hlIDgtMTAgR3JhZmVucmhlaW5mZWxkIgoJCQk+PC9pZnJhbWU+\"><div class=\"brlbs-cmpnt-cb-preset-a\"> <p class=\"brlbs-cmpnt-cb-description\">Sie sehen gerade einen Platzhalterinhalt von <strong>Standard<\/strong>. Um auf den eigentlichen Inhalt zuzugreifen, klicken Sie auf den Button unten. Bitte beachten Sie, dass dabei Daten an Drittanbieter weitergegeben werden.<\/p> <div class=\"brlbs-cmpnt-cb-buttons\"> <a class=\"brlbs-cmpnt-cb-btn\" href=\"#\" data-borlabs-cookie-unblock role=\"button\">Inhalt entsperren<\/a> <a class=\"brlbs-cmpnt-cb-btn\" href=\"#\" data-borlabs-cookie-accept-service role=\"button\" style=\"display: none\">Erforderlichen Service akzeptieren und Inhalte entsperren<\/a> <\/div> <a class=\"brlbs-cmpnt-cb-provider-toggle\" href=\"#\" data-borlabs-cookie-show-provider-information role=\"button\">Weitere Informationen<\/a> <\/div><\/div>\n\t\t<\/div>\n\t\t\t\t\t\t<\/div>\n\t\t\t\t<\/div>\n\t\t\t\t\t<\/div>\n\t\t<\/div>\n\t\t\t\t\t<\/div>\n\t\t<\/section>\n\t\t\t\t<\/div>\n\t\t","protected":false},"excerpt":{"rendered":"<p>Nehmen Sie Kontakt auf, wir freuen uns darauf von Ihnen zu h\u00f6ren! Egal, ob Sie Fragen haben, ein Projekt besprechen m\u00f6chten oder weitere Informationen zu unseren Dienstleistungen ben\u00f6tigen \u2013 die TRIPS group aus Grafenrheinfeld ist Ihr Systemhaus f\u00fcr innovative Automatisierungsl\u00f6sungen. TRIPS&#8230;<\/p>\n","protected":false},"author":1,"featured_media":18507,"parent":0,"menu_order":0,"comment_status":"closed","ping_status":"closed","template":"","meta":{"footnotes":""},"class_list":["post-49","page","type-page","status-publish","has-post-thumbnail","hentry"],"aioseo_notices":[],"_links":{"self":[{"href":"https:\/\/www.trips-group.com\/de\/wp-json\/wp\/v2\/pages\/49","targetHints":{"allow":["GET"]}}],"collection":[{"href":"https:\/\/www.trips-group.com\/de\/wp-json\/wp\/v2\/pages"}],"about":[{"href":"https:\/\/www.trips-group.com\/de\/wp-json\/wp\/v2\/types\/page"}],"author":[{"embeddable":true,"href":"https:\/\/www.trips-group.com\/de\/wp-json\/wp\/v2\/users\/1"}],"replies":[{"embeddable":true,"href":"https:\/\/www.trips-group.com\/de\/wp-json\/wp\/v2\/comments?post=49"}],"version-history":[{"count":100,"href":"https:\/\/www.trips-group.com\/de\/wp-json\/wp\/v2\/pages\/49\/revisions"}],"predecessor-version":[{"id":21359,"href":"https:\/\/www.trips-group.com\/de\/wp-json\/wp\/v2\/pages\/49\/revisions\/21359"}],"wp:featuredmedia":[{"embeddable":true,"href":"https:\/\/www.trips-group.com\/de\/wp-json\/wp\/v2\/media\/18507"}],"wp:attachment":[{"href":"https:\/\/www.trips-group.com\/de\/wp-json\/wp\/v2\/media?parent=49"}],"curies":[{"name":"wp","href":"https:\/\/api.w.org\/{rel}","templated":true}]}}