{"id":10783,"date":"2024-11-08T14:29:00","date_gmt":"2024-11-08T13:29:00","guid":{"rendered":"http:\/\/new.trips-group.com\/certificates-and-documents\/"},"modified":"2026-01-22T12:52:33","modified_gmt":"2026-01-22T11:52:33","slug":"certificates-and-documents","status":"publish","type":"page","link":"https:\/\/www.trips-group.com\/en\/certificates-and-documents\/","title":{"rendered":"Certificates and documents"},"content":{"rendered":"\t\t<div data-elementor-type=\"wp-page\" data-elementor-id=\"10783\" class=\"elementor elementor-10783 elementor-33\" data-elementor-post-type=\"page\">\n\t\t\t\t<div class=\"elementor-element elementor-element-21be819 e-flex e-con-boxed e-con e-parent\" data-id=\"21be819\" data-element_type=\"container\" data-e-type=\"container\">\n\t\t\t\t\t<div class=\"e-con-inner\">\n\t\t\t\t<div class=\"elementor-element elementor-element-9141010 elementor-widget elementor-widget-text-editor\" data-id=\"9141010\" data-element_type=\"widget\" data-e-type=\"widget\" data-widget_type=\"text-editor.default\">\n\t\t\t\t<div class=\"elementor-widget-container\">\n\t\t\t\t\t\t\t\t\t<p>On this page you will find <strong>important certificates and documents<\/strong>, because <strong>quality<\/strong> is a central component of our actions at the TRIPS group. It is the result of a continuous process in which we regularly put our products and services to the test. The focus is always on customer benefits, innovation, technological strength and marketability.<\/p><p>We ensure our high quality standards through clearly defined, standardized procedures and guidelines. To guarantee this, we have undergone various certifications that confirm our competence and reliability in all areas.<\/p><p>Here you will not only find our current certificates and documents, but also helpful downloads relating to our company. These include information on our products and services, company presentations, brochures and other materials that provide you with a comprehensive insight into our work.<\/p>\t\t\t\t\t\t\t\t<\/div>\n\t\t\t\t<\/div>\n\t\t\t\t\t<\/div>\n\t\t\t\t<\/div>\n\t\t\t\t<section class=\"elementor-section elementor-top-section elementor-element elementor-element-0309119 elementor-section-boxed elementor-section-height-default elementor-section-height-default\" data-id=\"0309119\" data-element_type=\"section\" data-e-type=\"section\">\n\t\t\t\t\t\t<div class=\"elementor-container elementor-column-gap-default\">\n\t\t\t\t\t<div class=\"elementor-column elementor-col-100 elementor-top-column elementor-element elementor-element-63b70a3\" data-id=\"63b70a3\" data-element_type=\"column\" data-e-type=\"column\">\n\t\t\t<div class=\"elementor-widget-wrap elementor-element-populated\">\n\t\t\t\t\t\t<div class=\"elementor-element elementor-element-dcf6af7 elementor-widget elementor-widget-energium_heading\" data-id=\"dcf6af7\" data-element_type=\"widget\" data-e-type=\"widget\" data-widget_type=\"energium_heading.default\">\n\t\t\t\t<div class=\"elementor-widget-container\">\n\t\t\t\t\t<div class=\"energium-heading-widget\"><h2 class=\"energium-heading\"><span class=\"energium-heading-icon\"><i class=\"far fa-window-minimize\"><\/i><\/span><span class=\"energium-heading-content\">Certificates and documents<\/span><\/h2><\/div>\t\t\t\t<\/div>\n\t\t\t\t<\/div>\n\t\t\t\t<section class=\"elementor-section elementor-inner-section elementor-element elementor-element-6293efb elementor-section-boxed elementor-section-height-default elementor-section-height-default\" data-id=\"6293efb\" data-element_type=\"section\" data-e-type=\"section\">\n\t\t\t\t\t\t<div class=\"elementor-container elementor-column-gap-extended\">\n\t\t\t\t\t<div class=\"elementor-column elementor-col-25 elementor-inner-column elementor-element elementor-element-6b2749a\" data-id=\"6b2749a\" data-element_type=\"column\" data-e-type=\"column\">\n\t\t\t<div class=\"elementor-widget-wrap elementor-element-populated\">\n\t\t\t\t\t\t<div class=\"elementor-element elementor-element-760ac4f elementor-position-top elementor-widget elementor-widget-image-box\" data-id=\"760ac4f\" data-element_type=\"widget\" data-e-type=\"widget\" data-widget_type=\"image-box.default\">\n\t\t\t\t<div class=\"elementor-widget-container\">\n\t\t\t\t\t<div class=\"elementor-image-box-wrapper\"><figure class=\"elementor-image-box-img\"><a href=\"https:\/\/www.trips-group.com\/wp-content\/uploads\/2025\/07\/ISO-9001-TRIPS-GmbH-gesamt_englisch.pdf\" target=\"_blank\" tabindex=\"-1\"><img fetchpriority=\"high\" decoding=\"async\" width=\"300\" height=\"300\" src=\"https:\/\/www.trips-group.com\/wp-content\/uploads\/2024\/11\/ISO_9001_zertifikat.jpg\" class=\"attachment-full size-full wp-image-10300\" alt=\"T\u00dcV S\u00dcD Zertifikat ISO 9001 Zertifiziertes Qualit\u00e4tsmanagementsystem | TRIPS group\" srcset=\"https:\/\/www.trips-group.com\/wp-content\/uploads\/2024\/11\/ISO_9001_zertifikat.jpg 300w, https:\/\/www.trips-group.com\/wp-content\/uploads\/2024\/11\/ISO_9001_zertifikat-150x150.jpg 150w\" sizes=\"(max-width: 300px) 100vw, 300px\" \/><\/a><\/figure><div class=\"elementor-image-box-content\"><h5 class=\"elementor-image-box-title\"><a href=\"https:\/\/www.trips-group.com\/wp-content\/uploads\/2025\/07\/ISO-9001-TRIPS-GmbH-gesamt_englisch.pdf\" target=\"_blank\">ISO 9001<\/a><\/h5><p class=\"elementor-image-box-description\">Quality management system certified by T\u00dcV S\u00dcD Management Service GmbH<\/p><\/div><\/div>\t\t\t\t<\/div>\n\t\t\t\t<\/div>\n\t\t\t\t\t<\/div>\n\t\t<\/div>\n\t\t\t\t<div class=\"elementor-column elementor-col-25 elementor-inner-column elementor-element elementor-element-b6b49e5\" data-id=\"b6b49e5\" data-element_type=\"column\" data-e-type=\"column\">\n\t\t\t<div class=\"elementor-widget-wrap elementor-element-populated\">\n\t\t\t\t\t\t<div class=\"elementor-element elementor-element-7f0b525 elementor-position-top elementor-widget elementor-widget-image-box\" data-id=\"7f0b525\" data-element_type=\"widget\" data-e-type=\"widget\" data-widget_type=\"image-box.default\">\n\t\t\t\t<div class=\"elementor-widget-container\">\n\t\t\t\t\t<div class=\"elementor-image-box-wrapper\"><figure class=\"elementor-image-box-img\"><a href=\"https:\/\/www.trips-group.com\/wp-content\/uploads\/2025\/07\/ISO-14001-TRIPS-GmbH-gesamt_englisch.pdf\" target=\"_blank\" tabindex=\"-1\"><img decoding=\"async\" width=\"300\" height=\"300\" src=\"https:\/\/www.trips-group.com\/wp-content\/uploads\/2024\/11\/ISO_14001_zertifikat.jpg\" class=\"attachment-full size-full wp-image-10302\" alt=\"T\u00dcV S\u00fcd ISO 14001 | Zertifiziertes Umweltmanagementsystem | TRIPS group\" srcset=\"https:\/\/www.trips-group.com\/wp-content\/uploads\/2024\/11\/ISO_14001_zertifikat.jpg 300w, https:\/\/www.trips-group.com\/wp-content\/uploads\/2024\/11\/ISO_14001_zertifikat-150x150.jpg 150w\" sizes=\"(max-width: 300px) 100vw, 300px\" \/><\/a><\/figure><div class=\"elementor-image-box-content\"><h5 class=\"elementor-image-box-title\"><a href=\"https:\/\/www.trips-group.com\/wp-content\/uploads\/2025\/07\/ISO-14001-TRIPS-GmbH-gesamt_englisch.pdf\" target=\"_blank\">ISO 14001<\/a><\/h5><p class=\"elementor-image-box-description\">Environmental management system certified by T\u00dcV S\u00dcD Management Service GmbH\n<\/p><\/div><\/div>\t\t\t\t<\/div>\n\t\t\t\t<\/div>\n\t\t\t\t\t<\/div>\n\t\t<\/div>\n\t\t\t\t<div class=\"elementor-column elementor-col-25 elementor-inner-column elementor-element elementor-element-2c89a03\" data-id=\"2c89a03\" data-element_type=\"column\" data-e-type=\"column\">\n\t\t\t<div class=\"elementor-widget-wrap elementor-element-populated\">\n\t\t\t\t\t\t<div class=\"elementor-element elementor-element-64fc956 elementor-position-top elementor-widget elementor-widget-image-box\" data-id=\"64fc956\" data-element_type=\"widget\" data-e-type=\"widget\" data-widget_type=\"image-box.default\">\n\t\t\t\t<div class=\"elementor-widget-container\">\n\t\t\t\t\t<div class=\"elementor-image-box-wrapper\"><figure class=\"elementor-image-box-img\"><a href=\"https:\/\/www.trips-group.com\/wp-content\/uploads\/2025\/07\/ISO-45001-TRIPS-GmbH-gesamt_englisch.pdf\" target=\"_blank\" tabindex=\"-1\"><img decoding=\"async\" width=\"300\" height=\"300\" src=\"https:\/\/www.trips-group.com\/wp-content\/uploads\/2024\/11\/ISO_45001_zertifikat.jpg\" class=\"attachment-full size-full wp-image-10304\" alt=\"T\u00dcV S\u00fcd\" srcset=\"https:\/\/www.trips-group.com\/wp-content\/uploads\/2024\/11\/ISO_45001_zertifikat.jpg 300w, https:\/\/www.trips-group.com\/wp-content\/uploads\/2024\/11\/ISO_45001_zertifikat-150x150.jpg 150w\" sizes=\"(max-width: 300px) 100vw, 300px\" \/><\/a><\/figure><div class=\"elementor-image-box-content\"><h5 class=\"elementor-image-box-title\"><a href=\"https:\/\/www.trips-group.com\/wp-content\/uploads\/2025\/07\/ISO-45001-TRIPS-GmbH-gesamt_englisch.pdf\" target=\"_blank\">ISO 45001<\/a><\/h5><p class=\"elementor-image-box-description\">Occupational health and safety management system certified by T\u00dcV S\u00fcd Service GmbH\n<\/p><\/div><\/div>\t\t\t\t<\/div>\n\t\t\t\t<\/div>\n\t\t\t\t\t<\/div>\n\t\t<\/div>\n\t\t\t\t<div class=\"elementor-column elementor-col-25 elementor-inner-column elementor-element elementor-element-28750a6\" data-id=\"28750a6\" data-element_type=\"column\" data-e-type=\"column\">\n\t\t\t<div class=\"elementor-widget-wrap elementor-element-populated\">\n\t\t\t\t\t\t<div class=\"elementor-element elementor-element-2c6b38c elementor-position-top elementor-widget elementor-widget-image-box\" data-id=\"2c6b38c\" data-element_type=\"widget\" data-e-type=\"widget\" data-widget_type=\"image-box.default\">\n\t\t\t\t<div class=\"elementor-widget-container\">\n\t\t\t\t\t<div class=\"elementor-image-box-wrapper\"><figure class=\"elementor-image-box-img\"><img loading=\"lazy\" decoding=\"async\" width=\"300\" height=\"300\" src=\"https:\/\/www.trips-group.com\/wp-content\/uploads\/2024\/11\/avpq_zertifikat.jpg\" class=\"attachment-full size-full wp-image-10292\" alt=\"Amtliches Verzeichnis Pr\u00e4qualifizierter Unternehmen | TRIPS group\" srcset=\"https:\/\/www.trips-group.com\/wp-content\/uploads\/2024\/11\/avpq_zertifikat.jpg 300w, https:\/\/www.trips-group.com\/wp-content\/uploads\/2024\/11\/avpq_zertifikat-150x150.jpg 150w\" sizes=\"(max-width: 300px) 100vw, 300px\" \/><\/figure><div class=\"elementor-image-box-content\"><h5 class=\"elementor-image-box-title\">AVPQ<\/h5><p class=\"elementor-image-box-description\">Official list of prequalified companies of the IHK for the service sector<\/p><\/div><\/div>\t\t\t\t<\/div>\n\t\t\t\t<\/div>\n\t\t\t\t\t<\/div>\n\t\t<\/div>\n\t\t\t\t\t<\/div>\n\t\t<\/section>\n\t\t\t\t<section class=\"elementor-section elementor-inner-section elementor-element elementor-element-5b433f1 elementor-section-boxed elementor-section-height-default elementor-section-height-default\" data-id=\"5b433f1\" data-element_type=\"section\" data-e-type=\"section\">\n\t\t\t\t\t\t<div class=\"elementor-container elementor-column-gap-extended\">\n\t\t\t\t\t<div class=\"elementor-column elementor-col-25 elementor-inner-column elementor-element elementor-element-3809e69\" data-id=\"3809e69\" data-element_type=\"column\" data-e-type=\"column\">\n\t\t\t<div class=\"elementor-widget-wrap elementor-element-populated\">\n\t\t\t\t\t\t<div class=\"elementor-element elementor-element-4d18cc5 elementor-position-top elementor-widget elementor-widget-image-box\" data-id=\"4d18cc5\" data-element_type=\"widget\" data-e-type=\"widget\" data-widget_type=\"image-box.default\">\n\t\t\t\t<div class=\"elementor-widget-container\">\n\t\t\t\t\t<div class=\"elementor-image-box-wrapper\"><figure class=\"elementor-image-box-img\"><img loading=\"lazy\" decoding=\"async\" width=\"300\" height=\"300\" src=\"https:\/\/www.trips-group.com\/wp-content\/uploads\/2024\/11\/ul_zertifizierung.jpg\" class=\"attachment-full size-full wp-image-10308\" alt=\"UL-Zertifizierung | TRIPS group\" srcset=\"https:\/\/www.trips-group.com\/wp-content\/uploads\/2024\/11\/ul_zertifizierung.jpg 300w, https:\/\/www.trips-group.com\/wp-content\/uploads\/2024\/11\/ul_zertifizierung-150x150.jpg 150w\" sizes=\"(max-width: 300px) 100vw, 300px\" \/><\/figure><div class=\"elementor-image-box-content\"><h5 class=\"elementor-image-box-title\">UL certification<\/h5><p class=\"elementor-image-box-description\">for the delivery of our services to the \nNorth American\/Canadian market<\/p><\/div><\/div>\t\t\t\t<\/div>\n\t\t\t\t<\/div>\n\t\t\t\t\t<\/div>\n\t\t<\/div>\n\t\t\t\t<div class=\"elementor-column elementor-col-25 elementor-inner-column elementor-element elementor-element-7b875a1\" data-id=\"7b875a1\" data-element_type=\"column\" data-e-type=\"column\">\n\t\t\t<div class=\"elementor-widget-wrap elementor-element-populated\">\n\t\t\t\t\t\t<div class=\"elementor-element elementor-element-15a44c4 elementor-position-top elementor-widget elementor-widget-image-box\" data-id=\"15a44c4\" data-element_type=\"widget\" data-e-type=\"widget\" data-widget_type=\"image-box.default\">\n\t\t\t\t<div class=\"elementor-widget-container\">\n\t\t\t\t\t<div class=\"elementor-image-box-wrapper\"><figure class=\"elementor-image-box-img\"><img loading=\"lazy\" decoding=\"async\" width=\"300\" height=\"300\" src=\"https:\/\/www.trips-group.com\/wp-content\/uploads\/2024\/11\/ex_zertifizierung-1.jpg\" class=\"attachment-full size-full wp-image-10310\" alt=\"EX-Zertifizi\" srcset=\"https:\/\/www.trips-group.com\/wp-content\/uploads\/2024\/11\/ex_zertifizierung-1.jpg 300w, https:\/\/www.trips-group.com\/wp-content\/uploads\/2024\/11\/ex_zertifizierung-1-150x150.jpg 150w\" sizes=\"(max-width: 300px) 100vw, 300px\" \/><\/figure><div class=\"elementor-image-box-content\"><h5 class=\"elementor-image-box-title\">EX certification<\/h5><p class=\"elementor-image-box-description\">for the delivery of TRIPS services to potentially explosive atmospheres\n<\/p><\/div><\/div>\t\t\t\t<\/div>\n\t\t\t\t<\/div>\n\t\t\t\t\t<\/div>\n\t\t<\/div>\n\t\t\t\t<div class=\"elementor-column elementor-col-25 elementor-inner-column elementor-element elementor-element-7679303\" data-id=\"7679303\" data-element_type=\"column\" data-e-type=\"column\">\n\t\t\t<div class=\"elementor-widget-wrap elementor-element-populated\">\n\t\t\t\t\t\t<div class=\"elementor-element elementor-element-09a91ad elementor-position-top elementor-widget elementor-widget-image-box\" data-id=\"09a91ad\" data-element_type=\"widget\" data-e-type=\"widget\" data-widget_type=\"image-box.default\">\n\t\t\t\t<div class=\"elementor-widget-container\">\n\t\t\t\t\t<div class=\"elementor-image-box-wrapper\"><figure class=\"elementor-image-box-img\"><img loading=\"lazy\" decoding=\"async\" width=\"300\" height=\"300\" src=\"https:\/\/www.trips-group.com\/wp-content\/uploads\/2024\/11\/kununu_zertifikat.jpg\" class=\"attachment-full size-full wp-image-10306\" alt=\"Kununu Top Company 2025 | TRIPS group\" srcset=\"https:\/\/www.trips-group.com\/wp-content\/uploads\/2024\/11\/kununu_zertifikat.jpg 300w, https:\/\/www.trips-group.com\/wp-content\/uploads\/2024\/11\/kununu_zertifikat-150x150.jpg 150w\" sizes=\"(max-width: 300px) 100vw, 300px\" \/><\/figure><div class=\"elementor-image-box-content\"><h5 class=\"elementor-image-box-title\">kununu TOP Company 2025<\/h5><p class=\"elementor-image-box-description\">TRIPS is among the top 5 percent of companies on kununu in 2025<\/p><\/div><\/div>\t\t\t\t<\/div>\n\t\t\t\t<\/div>\n\t\t\t\t\t<\/div>\n\t\t<\/div>\n\t\t\t\t<div class=\"elementor-column elementor-col-25 elementor-inner-column elementor-element elementor-element-850bb3f\" data-id=\"850bb3f\" data-element_type=\"column\" data-e-type=\"column\">\n\t\t\t<div class=\"elementor-widget-wrap elementor-element-populated\">\n\t\t\t\t\t\t<div class=\"elementor-element elementor-element-e3547cd elementor-position-top elementor-widget elementor-widget-image-box\" data-id=\"e3547cd\" data-element_type=\"widget\" data-e-type=\"widget\" data-widget_type=\"image-box.default\">\n\t\t\t\t<div class=\"elementor-widget-container\">\n\t\t\t\t\t<div class=\"elementor-image-box-wrapper\"><figure class=\"elementor-image-box-img\"><img loading=\"lazy\" decoding=\"async\" width=\"300\" height=\"300\" src=\"https:\/\/www.trips-group.com\/wp-content\/uploads\/2024\/11\/familienpakt_bayern.jpg\" class=\"attachment-full size-full wp-image-10298\" alt=\"Familienpakt Bayern | TRIPS group\" srcset=\"https:\/\/www.trips-group.com\/wp-content\/uploads\/2024\/11\/familienpakt_bayern.jpg 300w, https:\/\/www.trips-group.com\/wp-content\/uploads\/2024\/11\/familienpakt_bayern-150x150.jpg 150w\" sizes=\"(max-width: 300px) 100vw, 300px\" \/><\/figure><div class=\"elementor-image-box-content\"><h5 class=\"elementor-image-box-title\">Bavarian Family Pact<\/h5><p class=\"elementor-image-box-description\">A strong commitment to family-friendliness in the workplace.\n<\/p><\/div><\/div>\t\t\t\t<\/div>\n\t\t\t\t<\/div>\n\t\t\t\t\t<\/div>\n\t\t<\/div>\n\t\t\t\t\t<\/div>\n\t\t<\/section>\n\t\t\t\t\t<\/div>\n\t\t<\/div>\n\t\t\t\t\t<\/div>\n\t\t<\/section>\n\t\t\t\t<\/div>\n\t\t","protected":false},"excerpt":{"rendered":"<p>On this page you will find important certificates and documents, because quality is a central component of our actions at the TRIPS group. It is the result of a continuous process in which we regularly put our products and services to&#8230;<\/p>\n","protected":false},"author":1,"featured_media":0,"parent":0,"menu_order":0,"comment_status":"closed","ping_status":"closed","template":"","meta":{"footnotes":""},"class_list":["post-10783","page","type-page","status-publish","hentry"],"aioseo_notices":[],"_links":{"self":[{"href":"https:\/\/www.trips-group.com\/en\/wp-json\/wp\/v2\/pages\/10783","targetHints":{"allow":["GET"]}}],"collection":[{"href":"https:\/\/www.trips-group.com\/en\/wp-json\/wp\/v2\/pages"}],"about":[{"href":"https:\/\/www.trips-group.com\/en\/wp-json\/wp\/v2\/types\/page"}],"author":[{"embeddable":true,"href":"https:\/\/www.trips-group.com\/en\/wp-json\/wp\/v2\/users\/1"}],"replies":[{"embeddable":true,"href":"https:\/\/www.trips-group.com\/en\/wp-json\/wp\/v2\/comments?post=10783"}],"version-history":[{"count":25,"href":"https:\/\/www.trips-group.com\/en\/wp-json\/wp\/v2\/pages\/10783\/revisions"}],"predecessor-version":[{"id":20546,"href":"https:\/\/www.trips-group.com\/en\/wp-json\/wp\/v2\/pages\/10783\/revisions\/20546"}],"wp:attachment":[{"href":"https:\/\/www.trips-group.com\/en\/wp-json\/wp\/v2\/media?parent=10783"}],"curies":[{"name":"wp","href":"https:\/\/api.w.org\/{rel}","templated":true}]}}